{"id":10492,"date":"2024-08-15T23:22:54","date_gmt":"2024-08-15T23:22:54","guid":{"rendered":"https:\/\/institutomedicosenilife.pt\/?page_id=10492"},"modified":"2026-03-24T14:04:07","modified_gmt":"2026-03-24T14:04:07","slug":"domicilio","status":"publish","type":"page","link":"https:\/\/institutomedicosenilife.pt\/en\/domicilio\/","title":{"rendered":"At-Home Services"},"content":{"rendered":"<div data-elementor-type=\"wp-page\" data-elementor-id=\"10492\" class=\"elementor elementor-10492\" data-elementor-post-type=\"page\">\n\t\t\t\t<div class=\"elementor-element elementor-element-4d84eca e-con-full e-flex e-con e-parent\" data-id=\"4d84eca\" data-element_type=\"container\" data-e-type=\"container\">\n\t\t\t\t<div class=\"elementor-element elementor-element-c08b00b elementor--h-position-center elementor--v-position-middle elementor-widget elementor-widget-slides\" data-id=\"c08b00b\" data-element_type=\"widget\" data-e-type=\"widget\" data-settings=\"{&quot;navigation&quot;:&quot;none&quot;,&quot;autoplay&quot;:&quot;yes&quot;,&quot;pause_on_hover&quot;:&quot;yes&quot;,&quot;pause_on_interaction&quot;:&quot;yes&quot;,&quot;autoplay_speed&quot;:5000,&quot;infinite&quot;:&quot;yes&quot;,&quot;transition&quot;:&quot;slide&quot;,&quot;transition_speed&quot;:500}\" data-widget_type=\"slides.default\">\n\t\t\t\t<div class=\"elementor-widget-container\">\n\t\t\t\t\t\t\t\t\t<div class=\"elementor-swiper\">\n\t\t\t\t\t<div class=\"elementor-slides-wrapper elementor-main-swiper swiper\" role=\"region\" aria-roledescription=\"carousel\" aria-label=\"Show\" dir=\"ltr\" data-animation=\"fadeInUp\">\n\t\t\t\t<div class=\"swiper-wrapper elementor-slides\">\n\t\t\t\t\t\t\t\t\t\t<div class=\"elementor-repeater-item-a27b2f1 swiper-slide\" role=\"group\" aria-roledescription=\"slide\"><div class=\"swiper-slide-bg\" role=\"img\" aria-label=\"20240809_183316\"><\/div><div class=\"elementor-background-overlay\"><\/div><div class=\"swiper-slide-inner\" ><div class=\"swiper-slide-contents\"><div class=\"elementor-slide-heading\">Servi\u00e7os ao Domic\u00edlio<\/div><\/div><\/div><\/div>\t\t\t\t<\/div>\n\t\t\t\t\t\t\t<\/div>\n\t\t\t\t<\/div>\n\t\t\t\t\t\t\t\t<\/div>\n\t\t\t\t<\/div>\n\t\t\t\t<\/div>\n\t\t<div class=\"elementor-element elementor-element-ab5fc19 e-flex e-con-boxed e-con e-parent\" data-id=\"ab5fc19\" data-element_type=\"container\" data-e-type=\"container\">\n\t\t\t\t\t<div class=\"e-con-inner\">\n\t\t<div class=\"elementor-element elementor-element-9399b6a e-con-full e-flex e-con e-child\" data-id=\"9399b6a\" data-element_type=\"container\" data-e-type=\"container\">\n\t\t\t\t<div class=\"elementor-element elementor-element-4f00bd2 elementor-widget elementor-widget-prophysique_core_section_title\" data-id=\"4f00bd2\" data-element_type=\"widget\" data-e-type=\"widget\" data-widget_type=\"prophysique_core_section_title.default\">\n\t\t\t\t<div class=\"elementor-widget-container\">\n\t\t\t\t\t<div class=\"qodef-shortcode qodef-m  qodef-section-title qodef-alignment--left\">\n\t\t\t\t<h4 class=\"qodef-m-title\" >\n\t\tSobre os Servi\u00e7os ao Domic\u00edlio\t<\/h4>\n\t\t<p class=\"qodef-m-text\" >A sa\u00fade ao domic\u00edlio garante cuidados profissionais com o conforto e seguran\u00e7a do lar. Ao evitar desloca\u00e7\u00f5es e riscos hospitalares, promove uma recupera\u00e7\u00e3o personalizada em ambiente familiar, acelerando o bem-estar f\u00edsico e emocional do utente.<\/p>\n\t<\/div>\n\t\t\t\t<\/div>\n\t\t\t\t<\/div>\n\t\t\t\t<\/div>\n\t\t<div class=\"elementor-element elementor-element-11ee9e5 e-con-full e-flex e-con e-child\" data-id=\"11ee9e5\" data-element_type=\"container\" data-e-type=\"container\">\n\t\t\t\t<div class=\"elementor-element elementor-element-9e2bd13 elementor-widget elementor-widget-image\" data-id=\"9e2bd13\" data-element_type=\"widget\" data-e-type=\"widget\" data-widget_type=\"image.default\">\n\t\t\t\t<div class=\"elementor-widget-container\">\n\t\t\t\t\t\t\t\t\t\t\t\t\t\t\t<img fetchpriority=\"high\" decoding=\"async\" width=\"768\" height=\"513\" src=\"https:\/\/institutomedicosenilife.pt\/wp-content\/uploads\/2024\/08\/nurse-checking-pulse-female-patient-s-wrist-768x513.jpg\" class=\"attachment-medium_large size-medium_large wp-image-10501\" alt=\"Enfermagem ao Domic\u00edlio\" srcset=\"https:\/\/institutomedicosenilife.pt\/wp-content\/uploads\/2024\/08\/nurse-checking-pulse-female-patient-s-wrist-768x513.jpg 768w, https:\/\/institutomedicosenilife.pt\/wp-content\/uploads\/2024\/08\/nurse-checking-pulse-female-patient-s-wrist-300x200.jpg 300w, https:\/\/institutomedicosenilife.pt\/wp-content\/uploads\/2024\/08\/nurse-checking-pulse-female-patient-s-wrist-1024x683.jpg 1024w, https:\/\/institutomedicosenilife.pt\/wp-content\/uploads\/2024\/08\/nurse-checking-pulse-female-patient-s-wrist-1536x1025.jpg 1536w, https:\/\/institutomedicosenilife.pt\/wp-content\/uploads\/2024\/08\/nurse-checking-pulse-female-patient-s-wrist-scaled-e1774627575316.jpg 1534w\" sizes=\"(max-width: 768px) 100vw, 768px\" \/>\t\t\t\t\t\t\t\t\t\t\t\t\t\t\t<\/div>\n\t\t\t\t<\/div>\n\t\t\t\t<\/div>\n\t\t\t\t\t<\/div>\n\t\t\t\t<\/div>\n\t\t<div class=\"elementor-element elementor-element-34259ac e-flex e-con-boxed e-con e-parent\" data-id=\"34259ac\" data-element_type=\"container\" data-e-type=\"container\">\n\t\t\t\t\t<div class=\"e-con-inner\">\n\t\t\t\t<div class=\"elementor-element elementor-element-b525f80 elementor-widget elementor-widget-n-accordion\" data-id=\"b525f80\" data-element_type=\"widget\" data-e-type=\"widget\" data-settings=\"{&quot;max_items_expended&quot;:&quot;multiple&quot;,&quot;default_state&quot;:&quot;expanded&quot;,&quot;n_accordion_animation_duration&quot;:{&quot;unit&quot;:&quot;ms&quot;,&quot;size&quot;:400,&quot;sizes&quot;:[]}}\" data-widget_type=\"nested-accordion.default\">\n\t\t\t\t<div class=\"elementor-widget-container\">\n\t\t\t\t\t\t\t<div class=\"e-n-accordion\" aria-label=\"Accordion. Open links with Enter or Space, close with Escape, and navigate with Arrow Keys\">\n\t\t\t\t\t\t<details id=\"e-n-accordion-item-1890\" class=\"e-n-accordion-item\" open>\n\t\t\t\t<summary class=\"e-n-accordion-item-title\" data-accordion-index=\"1\" tabindex=\"0\" aria-expanded=\"true\" aria-controls=\"e-n-accordion-item-1890\" >\n\t\t\t\t\t<span class='e-n-accordion-item-title-header'><div class=\"e-n-accordion-item-title-text\"> Intervention Areas <\/div><\/span>\n\t\t\t\t\t\t\t\t\t<\/summary>\n\t\t\t\t<div role=\"region\" aria-labelledby=\"e-n-accordion-item-1890\" class=\"elementor-element elementor-element-cddd861 e-con-full e-flex e-con e-child\" data-id=\"cddd861\" data-element_type=\"container\" data-e-type=\"container\">\n\t\t<div role=\"region\" aria-labelledby=\"e-n-accordion-item-1890\" class=\"elementor-element elementor-element-95230e7 e-con-full e-flex e-con e-child\" data-id=\"95230e7\" data-element_type=\"container\" data-e-type=\"container\">\n\t\t\t\t<div class=\"elementor-element elementor-element-d801272 elementor-icon-list--layout-traditional elementor-list-item-link-full_width elementor-widget elementor-widget-icon-list\" data-id=\"d801272\" data-element_type=\"widget\" data-e-type=\"widget\" data-widget_type=\"icon-list.default\">\n\t\t\t\t<div class=\"elementor-widget-container\">\n\t\t\t\t\t\t\t<ul class=\"elementor-icon-list-items\">\n\t\t\t\t\t\t\t<li class=\"elementor-icon-list-item\">\n\t\t\t\t\t\t\t\t\t\t\t<span class=\"elementor-icon-list-icon\">\n\t\t\t\t\t\t\t<i aria-hidden=\"true\" class=\"fas fa-heart\"><\/i>\t\t\t\t\t\t<\/span>\n\t\t\t\t\t\t\t\t\t\t<span class=\"elementor-icon-list-text\">Consultas de Cl\u00ednica Geral<\/span>\n\t\t\t\t\t\t\t\t\t<\/li>\n\t\t\t\t\t\t\t\t<li class=\"elementor-icon-list-item\">\n\t\t\t\t\t\t\t\t\t\t\t<span class=\"elementor-icon-list-icon\">\n\t\t\t\t\t\t\t<i aria-hidden=\"true\" class=\"fas fa-heart\"><\/i>\t\t\t\t\t\t<\/span>\n\t\t\t\t\t\t\t\t\t\t<span class=\"elementor-icon-list-text\">Enfermagem (Avalia\u00e7\u00e3o de feridas e pensos, administra\u00e7\u00e3o de medica\u00e7\u00e3o e recolha de an\u00e1lises cl\u00ednicas)<\/span>\n\t\t\t\t\t\t\t\t\t<\/li>\n\t\t\t\t\t\t\t\t<li class=\"elementor-icon-list-item\">\n\t\t\t\t\t\t\t\t\t\t\t<span class=\"elementor-icon-list-icon\">\n\t\t\t\t\t\t\t<i aria-hidden=\"true\" class=\"fas fa-heart\"><\/i>\t\t\t\t\t\t<\/span>\n\t\t\t\t\t\t\t\t\t\t<span class=\"elementor-icon-list-text\">Physiotherapy<\/span>\n\t\t\t\t\t\t\t\t\t<\/li>\n\t\t\t\t\t\t\t\t<li class=\"elementor-icon-list-item\">\n\t\t\t\t\t\t\t\t\t\t\t<span class=\"elementor-icon-list-icon\">\n\t\t\t\t\t\t\t<i aria-hidden=\"true\" class=\"fas fa-heart\"><\/i>\t\t\t\t\t\t<\/span>\n\t\t\t\t\t\t\t\t\t\t<span class=\"elementor-icon-list-text\">T\u00e9cnicos Auxiliares de Sa\u00fade (Cuidados de higiene e conforto, transfer\u00eancias e mobiliza\u00e7\u00f5es)<\/span>\n\t\t\t\t\t\t\t\t\t<\/li>\n\t\t\t\t\t\t<\/ul>\n\t\t\t\t\t\t<\/div>\n\t\t\t\t<\/div>\n\t\t\t\t<\/div>\n\t\t\t\t<\/div>\n\t\t\t\t\t<\/details>\n\t\t\t\t\t<\/div>\n\t\t\t\t\t\t<\/div>\n\t\t\t\t<\/div>\n\t\t\t\t\t<\/div>\n\t\t\t\t<\/div>\n\t\t<div class=\"elementor-element elementor-element-66eeda9 e-flex e-con-boxed e-con e-parent\" data-id=\"66eeda9\" data-element_type=\"container\" data-e-type=\"container\" data-settings=\"{&quot;background_background&quot;:&quot;classic&quot;}\">\n\t\t\t\t\t<div class=\"e-con-inner\">\n\t\t\t\t<div class=\"elementor-element elementor-element-75d6992 elementor-widget elementor-widget-prophysique_core_section_title\" data-id=\"75d6992\" data-element_type=\"widget\" data-e-type=\"widget\" data-widget_type=\"prophysique_core_section_title.default\">\n\t\t\t\t<div class=\"elementor-widget-container\">\n\t\t\t\t\t<div class=\"qodef-shortcode qodef-m  qodef-section-title qodef-alignment--center\">\n\t\t\t\t<h2 class=\"qodef-m-title\" >\n\t\tBook an appointment\t<\/h2>\n\t\t<p class=\"qodef-m-text\" >At Senilife Medical Institute, we pride ourselves on our commitment to high-quality healthcare and personalized service.\n\n<\/p>\n\t<\/div>\n\t\t\t\t<\/div>\n\t\t\t\t<\/div>\n\t\t\t\t<div class=\"elementor-element elementor-element-e2349eb elementor-widget elementor-widget-prophysique_core_button\" data-id=\"e2349eb\" data-element_type=\"widget\" data-e-type=\"widget\" data-widget_type=\"prophysique_core_button.default\">\n\t\t\t\t<div class=\"elementor-widget-container\">\n\t\t\t\t\t<a class=\"qodef-shortcode qodef-m  qodef-button qodef-layout--filled  qodef-html--link\" href=\"\/en\/contactos\/\" target=\"_self\"  style=\"padding: 10px 5px 10px 5px\">\n\t<span class=\"qodef-m-text\">Book An Appointment<\/span>\n<\/a>\n\t\t\t\t<\/div>\n\t\t\t\t<\/div>\n\t\t\t\t\t<\/div>\n\t\t\t\t<\/div>\n\t\t\t\t<\/div>","protected":false},"excerpt":{"rendered":"<p>Servi\u00e7os ao Domic\u00edlio Sobre os Servi\u00e7os ao Domic\u00edlio A sa\u00fade ao domic\u00edlio garante cuidados profissionais com o conforto e seguran\u00e7a do lar. Ao evitar desloca\u00e7\u00f5es e riscos hospitalares, promove uma recupera\u00e7\u00e3o personalizada em ambiente familiar, acelerando o bem-estar f\u00edsico e emocional do utente. \u00c1reas de Interven\u00e7\u00e3o Consultas de Cl\u00ednica Geral Enfermagem (Avalia\u00e7\u00e3o de feridas e [&hellip;]<\/p>\n","protected":false},"author":1,"featured_media":0,"parent":0,"menu_order":0,"comment_status":"closed","ping_status":"closed","template":"page-full-width.php","meta":{"footnotes":""},"class_list":["post-10492","page","type-page","status-publish","hentry"],"yoast_head":"<!-- This site is optimized with the Yoast SEO plugin v27.2 - https:\/\/yoast.com\/product\/yoast-seo-wordpress\/ -->\n<title>Domic\u00edlio - Instituto M\u00e9dico Senilife<\/title>\n<meta name=\"robots\" content=\"index, follow, max-snippet:-1, max-image-preview:large, max-video-preview:-1\" \/>\n<link rel=\"canonical\" href=\"https:\/\/institutomedicosenilife.pt\/en\/domicilio\/\" \/>\n<meta property=\"og:locale\" content=\"en_GB\" \/>\n<meta property=\"og:type\" content=\"article\" \/>\n<meta property=\"og:title\" content=\"Domic\u00edlio - Instituto M\u00e9dico Senilife\" \/>\n<meta property=\"og:description\" content=\"Servi\u00e7os ao Domic\u00edlio Sobre os Servi\u00e7os ao Domic\u00edlio A sa\u00fade ao domic\u00edlio garante cuidados profissionais com o conforto e seguran\u00e7a do lar. Ao evitar desloca\u00e7\u00f5es e riscos hospitalares, promove uma recupera\u00e7\u00e3o personalizada em ambiente familiar, acelerando o bem-estar f\u00edsico e emocional do utente. \u00c1reas de Interven\u00e7\u00e3o Consultas de Cl\u00ednica Geral Enfermagem (Avalia\u00e7\u00e3o de feridas e [&hellip;]\" \/>\n<meta property=\"og:url\" content=\"https:\/\/institutomedicosenilife.pt\/en\/domicilio\/\" \/>\n<meta property=\"og:site_name\" content=\"Instituto M\u00e9dico Senilife\" \/>\n<meta property=\"article:modified_time\" content=\"2026-03-24T14:04:07+00:00\" \/>\n<meta property=\"og:image\" content=\"https:\/\/institutomedicosenilife.pt\/wp-content\/uploads\/2024\/08\/nurse-checking-pulse-female-patient-s-wrist-scaled-e1774627575316.jpg\" \/>\n\t<meta property=\"og:image:width\" content=\"1534\" \/>\n\t<meta property=\"og:image:height\" content=\"1024\" \/>\n\t<meta property=\"og:image:type\" content=\"image\/jpeg\" \/>\n<meta name=\"twitter:card\" content=\"summary_large_image\" \/>\n<script type=\"application\/ld+json\" class=\"yoast-schema-graph\">{\"@context\":\"https:\/\/schema.org\",\"@graph\":[{\"@type\":\"WebPage\",\"@id\":\"https:\/\/institutomedicosenilife.pt\/domicilio\/\",\"url\":\"https:\/\/institutomedicosenilife.pt\/domicilio\/\",\"name\":\"Domic\u00edlio - Instituto M\u00e9dico Senilife\",\"isPartOf\":{\"@id\":\"https:\/\/institutomedicosenilife.pt\/#website\"},\"primaryImageOfPage\":{\"@id\":\"https:\/\/institutomedicosenilife.pt\/domicilio\/#primaryimage\"},\"image\":{\"@id\":\"https:\/\/institutomedicosenilife.pt\/domicilio\/#primaryimage\"},\"thumbnailUrl\":\"https:\/\/institutomedicosenilife.pt\/wp-content\/uploads\/2024\/08\/nurse-checking-pulse-female-patient-s-wrist-768x513.jpg\",\"datePublished\":\"2024-08-15T23:22:54+00:00\",\"dateModified\":\"2026-03-24T14:04:07+00:00\",\"breadcrumb\":{\"@id\":\"https:\/\/institutomedicosenilife.pt\/domicilio\/#breadcrumb\"},\"inLanguage\":\"en-GB\",\"potentialAction\":[{\"@type\":\"ReadAction\",\"target\":[\"https:\/\/institutomedicosenilife.pt\/domicilio\/\"]}]},{\"@type\":\"ImageObject\",\"inLanguage\":\"en-GB\",\"@id\":\"https:\/\/institutomedicosenilife.pt\/domicilio\/#primaryimage\",\"url\":\"https:\/\/institutomedicosenilife.pt\/wp-content\/uploads\/2024\/08\/nurse-checking-pulse-female-patient-s-wrist-768x513.jpg\",\"contentUrl\":\"https:\/\/institutomedicosenilife.pt\/wp-content\/uploads\/2024\/08\/nurse-checking-pulse-female-patient-s-wrist-768x513.jpg\"},{\"@type\":\"BreadcrumbList\",\"@id\":\"https:\/\/institutomedicosenilife.pt\/domicilio\/#breadcrumb\",\"itemListElement\":[{\"@type\":\"ListItem\",\"position\":1,\"name\":\"In\u00edcio\",\"item\":\"https:\/\/institutomedicosenilife.pt\/\"},{\"@type\":\"ListItem\",\"position\":2,\"name\":\"Domic\u00edlio\"}]},{\"@type\":\"WebSite\",\"@id\":\"https:\/\/institutomedicosenilife.pt\/#website\",\"url\":\"https:\/\/institutomedicosenilife.pt\/\",\"name\":\"Instituto M\u00e9dico Senilife\",\"description\":\"\",\"publisher\":{\"@id\":\"https:\/\/institutomedicosenilife.pt\/#organization\"},\"potentialAction\":[{\"@type\":\"SearchAction\",\"target\":{\"@type\":\"EntryPoint\",\"urlTemplate\":\"https:\/\/institutomedicosenilife.pt\/?s={search_term_string}\"},\"query-input\":{\"@type\":\"PropertyValueSpecification\",\"valueRequired\":true,\"valueName\":\"search_term_string\"}}],\"inLanguage\":\"en-GB\"},{\"@type\":\"Organization\",\"@id\":\"https:\/\/institutomedicosenilife.pt\/#organization\",\"name\":\"Instituto M\u00e9dico Senilife\",\"url\":\"https:\/\/institutomedicosenilife.pt\/\",\"logo\":{\"@type\":\"ImageObject\",\"inLanguage\":\"en-GB\",\"@id\":\"https:\/\/institutomedicosenilife.pt\/#\/schema\/logo\/image\/\",\"url\":\"https:\/\/institutomedicosenilife.pt\/wp-content\/uploads\/2024\/08\/cropped-IMSicon_wh1-1.png\",\"contentUrl\":\"https:\/\/institutomedicosenilife.pt\/wp-content\/uploads\/2024\/08\/cropped-IMSicon_wh1-1.png\",\"width\":500,\"height\":500,\"caption\":\"Instituto M\u00e9dico Senilife\"},\"image\":{\"@id\":\"https:\/\/institutomedicosenilife.pt\/#\/schema\/logo\/image\/\"}}]}<\/script>\n<!-- \/ Yoast SEO plugin. -->","yoast_head_json":{"title":"Domic\u00edlio - Instituto M\u00e9dico Senilife","robots":{"index":"index","follow":"follow","max-snippet":"max-snippet:-1","max-image-preview":"max-image-preview:large","max-video-preview":"max-video-preview:-1"},"canonical":"https:\/\/institutomedicosenilife.pt\/en\/domicilio\/","og_locale":"en_GB","og_type":"article","og_title":"Domic\u00edlio - Instituto M\u00e9dico Senilife","og_description":"Servi\u00e7os ao Domic\u00edlio Sobre os Servi\u00e7os ao Domic\u00edlio A sa\u00fade ao domic\u00edlio garante cuidados profissionais com o conforto e seguran\u00e7a do lar. Ao evitar desloca\u00e7\u00f5es e riscos hospitalares, promove uma recupera\u00e7\u00e3o personalizada em ambiente familiar, acelerando o bem-estar f\u00edsico e emocional do utente. \u00c1reas de Interven\u00e7\u00e3o Consultas de Cl\u00ednica Geral Enfermagem (Avalia\u00e7\u00e3o de feridas e [&hellip;]","og_url":"https:\/\/institutomedicosenilife.pt\/en\/domicilio\/","og_site_name":"Instituto M\u00e9dico Senilife","article_modified_time":"2026-03-24T14:04:07+00:00","og_image":[{"width":1534,"height":1024,"url":"https:\/\/institutomedicosenilife.pt\/wp-content\/uploads\/2024\/08\/nurse-checking-pulse-female-patient-s-wrist-scaled-e1774627575316.jpg","type":"image\/jpeg"}],"twitter_card":"summary_large_image","schema":{"@context":"https:\/\/schema.org","@graph":[{"@type":"WebPage","@id":"https:\/\/institutomedicosenilife.pt\/domicilio\/","url":"https:\/\/institutomedicosenilife.pt\/domicilio\/","name":"Domic\u00edlio - Instituto M\u00e9dico Senilife","isPartOf":{"@id":"https:\/\/institutomedicosenilife.pt\/#website"},"primaryImageOfPage":{"@id":"https:\/\/institutomedicosenilife.pt\/domicilio\/#primaryimage"},"image":{"@id":"https:\/\/institutomedicosenilife.pt\/domicilio\/#primaryimage"},"thumbnailUrl":"https:\/\/institutomedicosenilife.pt\/wp-content\/uploads\/2024\/08\/nurse-checking-pulse-female-patient-s-wrist-768x513.jpg","datePublished":"2024-08-15T23:22:54+00:00","dateModified":"2026-03-24T14:04:07+00:00","breadcrumb":{"@id":"https:\/\/institutomedicosenilife.pt\/domicilio\/#breadcrumb"},"inLanguage":"en-GB","potentialAction":[{"@type":"ReadAction","target":["https:\/\/institutomedicosenilife.pt\/domicilio\/"]}]},{"@type":"ImageObject","inLanguage":"en-GB","@id":"https:\/\/institutomedicosenilife.pt\/domicilio\/#primaryimage","url":"https:\/\/institutomedicosenilife.pt\/wp-content\/uploads\/2024\/08\/nurse-checking-pulse-female-patient-s-wrist-768x513.jpg","contentUrl":"https:\/\/institutomedicosenilife.pt\/wp-content\/uploads\/2024\/08\/nurse-checking-pulse-female-patient-s-wrist-768x513.jpg"},{"@type":"BreadcrumbList","@id":"https:\/\/institutomedicosenilife.pt\/domicilio\/#breadcrumb","itemListElement":[{"@type":"ListItem","position":1,"name":"In\u00edcio","item":"https:\/\/institutomedicosenilife.pt\/"},{"@type":"ListItem","position":2,"name":"Domic\u00edlio"}]},{"@type":"WebSite","@id":"https:\/\/institutomedicosenilife.pt\/#website","url":"https:\/\/institutomedicosenilife.pt\/","name":"Instituto M\u00e9dico Senilife","description":"","publisher":{"@id":"https:\/\/institutomedicosenilife.pt\/#organization"},"potentialAction":[{"@type":"SearchAction","target":{"@type":"EntryPoint","urlTemplate":"https:\/\/institutomedicosenilife.pt\/?s={search_term_string}"},"query-input":{"@type":"PropertyValueSpecification","valueRequired":true,"valueName":"search_term_string"}}],"inLanguage":"en-GB"},{"@type":"Organization","@id":"https:\/\/institutomedicosenilife.pt\/#organization","name":"Instituto M\u00e9dico Senilife","url":"https:\/\/institutomedicosenilife.pt\/","logo":{"@type":"ImageObject","inLanguage":"en-GB","@id":"https:\/\/institutomedicosenilife.pt\/#\/schema\/logo\/image\/","url":"https:\/\/institutomedicosenilife.pt\/wp-content\/uploads\/2024\/08\/cropped-IMSicon_wh1-1.png","contentUrl":"https:\/\/institutomedicosenilife.pt\/wp-content\/uploads\/2024\/08\/cropped-IMSicon_wh1-1.png","width":500,"height":500,"caption":"Instituto M\u00e9dico Senilife"},"image":{"@id":"https:\/\/institutomedicosenilife.pt\/#\/schema\/logo\/image\/"}}]}},"_links":{"self":[{"href":"https:\/\/institutomedicosenilife.pt\/en\/wp-json\/wp\/v2\/pages\/10492","targetHints":{"allow":["GET"]}}],"collection":[{"href":"https:\/\/institutomedicosenilife.pt\/en\/wp-json\/wp\/v2\/pages"}],"about":[{"href":"https:\/\/institutomedicosenilife.pt\/en\/wp-json\/wp\/v2\/types\/page"}],"author":[{"embeddable":true,"href":"https:\/\/institutomedicosenilife.pt\/en\/wp-json\/wp\/v2\/users\/1"}],"replies":[{"embeddable":true,"href":"https:\/\/institutomedicosenilife.pt\/en\/wp-json\/wp\/v2\/comments?post=10492"}],"version-history":[{"count":17,"href":"https:\/\/institutomedicosenilife.pt\/en\/wp-json\/wp\/v2\/pages\/10492\/revisions"}],"predecessor-version":[{"id":10740,"href":"https:\/\/institutomedicosenilife.pt\/en\/wp-json\/wp\/v2\/pages\/10492\/revisions\/10740"}],"wp:attachment":[{"href":"https:\/\/institutomedicosenilife.pt\/en\/wp-json\/wp\/v2\/media?parent=10492"}],"curies":[{"name":"wp","href":"https:\/\/api.w.org\/{rel}","templated":true}]}}