{"id":10413,"date":"2024-08-13T21:06:56","date_gmt":"2024-08-13T21:06:56","guid":{"rendered":"https:\/\/institutomedicosenilife.pt\/?page_id=10413"},"modified":"2026-03-20T16:23:10","modified_gmt":"2026-03-20T16:23:10","slug":"osteopatia","status":"publish","type":"page","link":"https:\/\/institutomedicosenilife.pt\/en\/osteopatia\/","title":{"rendered":"Osteopathy"},"content":{"rendered":"<div data-elementor-type=\"wp-page\" data-elementor-id=\"10413\" class=\"elementor elementor-10413\" data-elementor-post-type=\"page\">\n\t\t\t\t<div class=\"elementor-element elementor-element-4d84eca e-con-full e-flex e-con e-parent\" data-id=\"4d84eca\" data-element_type=\"container\" data-e-type=\"container\">\n\t\t\t\t<div class=\"elementor-element elementor-element-c08b00b elementor--h-position-center elementor--v-position-middle elementor-widget elementor-widget-slides\" data-id=\"c08b00b\" data-element_type=\"widget\" data-e-type=\"widget\" data-settings=\"{&quot;navigation&quot;:&quot;none&quot;,&quot;autoplay&quot;:&quot;yes&quot;,&quot;pause_on_hover&quot;:&quot;yes&quot;,&quot;pause_on_interaction&quot;:&quot;yes&quot;,&quot;autoplay_speed&quot;:5000,&quot;infinite&quot;:&quot;yes&quot;,&quot;transition&quot;:&quot;slide&quot;,&quot;transition_speed&quot;:500}\" data-widget_type=\"slides.default\">\n\t\t\t\t<div class=\"elementor-widget-container\">\n\t\t\t\t\t\t\t\t\t<div class=\"elementor-swiper\">\n\t\t\t\t\t<div class=\"elementor-slides-wrapper elementor-main-swiper swiper\" role=\"region\" aria-roledescription=\"carousel\" aria-label=\"Show\" dir=\"ltr\" data-animation=\"fadeInUp\">\n\t\t\t\t<div class=\"swiper-wrapper elementor-slides\">\n\t\t\t\t\t\t\t\t\t\t<div class=\"elementor-repeater-item-a27b2f1 swiper-slide\" role=\"group\" aria-roledescription=\"slide\"><div class=\"swiper-slide-bg\" role=\"img\" aria-label=\"20240809_183316\"><\/div><div class=\"elementor-background-overlay\"><\/div><div class=\"swiper-slide-inner\" ><div class=\"swiper-slide-contents\"><div class=\"elementor-slide-heading\">Osteopathy<\/div><\/div><\/div><\/div>\t\t\t\t<\/div>\n\t\t\t\t\t\t\t<\/div>\n\t\t\t\t<\/div>\n\t\t\t\t\t\t\t\t<\/div>\n\t\t\t\t<\/div>\n\t\t\t\t<\/div>\n\t\t<div class=\"elementor-element elementor-element-ab5fc19 e-flex e-con-boxed e-con e-parent\" data-id=\"ab5fc19\" data-element_type=\"container\" data-e-type=\"container\">\n\t\t\t\t\t<div class=\"e-con-inner\">\n\t\t<div class=\"elementor-element elementor-element-9399b6a e-con-full e-flex e-con e-child\" data-id=\"9399b6a\" data-element_type=\"container\" data-e-type=\"container\">\n\t\t\t\t<div class=\"elementor-element elementor-element-4f00bd2 elementor-widget elementor-widget-prophysique_core_section_title\" data-id=\"4f00bd2\" data-element_type=\"widget\" data-e-type=\"widget\" data-widget_type=\"prophysique_core_section_title.default\">\n\t\t\t\t<div class=\"elementor-widget-container\">\n\t\t\t\t\t<div class=\"qodef-shortcode qodef-m  qodef-section-title qodef-alignment--left\">\n\t\t\t\t<h4 class=\"qodef-m-title\" >\n\t\tAbout Osteopathy\t<\/h4>\n\t\t<p class=\"qodef-m-text\" >Osteopathy Consultations have the main objective of helping patients improve their general health and well-being, through the assessment and treatment of imbalances and dysfunctions in the musculoskeletal system.<\/p>\n\t<\/div>\n\t\t\t\t<\/div>\n\t\t\t\t<\/div>\n\t\t\t\t<div class=\"elementor-element elementor-element-8e66555 elementor-widget elementor-widget-text-editor\" data-id=\"8e66555\" data-element_type=\"widget\" data-e-type=\"widget\" data-widget_type=\"text-editor.default\">\n\t\t\t\t<div class=\"elementor-widget-container\">\n\t\t\t\t\t\t\t\t\t<p><i>Dr. Andr\u00e9 Nicha \/ Dra. Teresa Patinha<\/i><\/p>\t\t\t\t\t\t\t\t<\/div>\n\t\t\t\t<\/div>\n\t\t\t\t<\/div>\n\t\t<div class=\"elementor-element elementor-element-11ee9e5 e-con-full e-flex e-con e-child\" data-id=\"11ee9e5\" data-element_type=\"container\" data-e-type=\"container\">\n\t\t\t\t<div class=\"elementor-element elementor-element-9e2bd13 elementor-widget elementor-widget-image\" data-id=\"9e2bd13\" data-element_type=\"widget\" data-e-type=\"widget\" data-widget_type=\"image.default\">\n\t\t\t\t<div class=\"elementor-widget-container\">\n\t\t\t\t\t\t\t\t\t\t\t\t\t\t\t<img fetchpriority=\"high\" decoding=\"async\" width=\"768\" height=\"511\" src=\"https:\/\/institutomedicosenilife.pt\/wp-content\/uploads\/2024\/08\/osteopathy-patoient-getting-tretment-massage-768x511.jpg\" class=\"attachment-medium_large size-medium_large wp-image-10384\" alt=\"Osteopatia\" srcset=\"https:\/\/institutomedicosenilife.pt\/wp-content\/uploads\/2024\/08\/osteopathy-patoient-getting-tretment-massage-768x511.jpg 768w, https:\/\/institutomedicosenilife.pt\/wp-content\/uploads\/2024\/08\/osteopathy-patoient-getting-tretment-massage-300x200.jpg 300w, https:\/\/institutomedicosenilife.pt\/wp-content\/uploads\/2024\/08\/osteopathy-patoient-getting-tretment-massage-1024x681.jpg 1024w, https:\/\/institutomedicosenilife.pt\/wp-content\/uploads\/2024\/08\/osteopathy-patoient-getting-tretment-massage-1536x1022.jpg 1536w, https:\/\/institutomedicosenilife.pt\/wp-content\/uploads\/2024\/08\/osteopathy-patoient-getting-tretment-massage-2048x1363.jpg 2048w\" sizes=\"(max-width: 768px) 100vw, 768px\" \/>\t\t\t\t\t\t\t\t\t\t\t\t\t\t\t<\/div>\n\t\t\t\t<\/div>\n\t\t\t\t<\/div>\n\t\t\t\t\t<\/div>\n\t\t\t\t<\/div>\n\t\t<div class=\"elementor-element elementor-element-34259ac e-flex e-con-boxed e-con e-parent\" data-id=\"34259ac\" data-element_type=\"container\" data-e-type=\"container\">\n\t\t\t\t\t<div class=\"e-con-inner\">\n\t\t\t\t<div class=\"elementor-element elementor-element-b525f80 elementor-widget elementor-widget-n-accordion\" data-id=\"b525f80\" data-element_type=\"widget\" data-e-type=\"widget\" data-settings=\"{&quot;max_items_expended&quot;:&quot;multiple&quot;,&quot;default_state&quot;:&quot;expanded&quot;,&quot;n_accordion_animation_duration&quot;:{&quot;unit&quot;:&quot;ms&quot;,&quot;size&quot;:400,&quot;sizes&quot;:[]}}\" data-widget_type=\"nested-accordion.default\">\n\t\t\t\t<div class=\"elementor-widget-container\">\n\t\t\t\t\t\t\t<div class=\"e-n-accordion\" aria-label=\"Accordion. Open links with Enter or Space, close with Escape, and navigate with Arrow Keys\">\n\t\t\t\t\t\t<details id=\"e-n-accordion-item-1890\" class=\"e-n-accordion-item\" open>\n\t\t\t\t<summary class=\"e-n-accordion-item-title\" data-accordion-index=\"1\" tabindex=\"0\" aria-expanded=\"true\" aria-controls=\"e-n-accordion-item-1890\" >\n\t\t\t\t\t<span class='e-n-accordion-item-title-header'><div class=\"e-n-accordion-item-title-text\"> Intervention Areas <\/div><\/span>\n\t\t\t\t\t\t\t\t\t<\/summary>\n\t\t\t\t<div role=\"region\" aria-labelledby=\"e-n-accordion-item-1890\" class=\"elementor-element elementor-element-cddd861 e-con-full e-flex e-con e-child\" data-id=\"cddd861\" data-element_type=\"container\" data-e-type=\"container\">\n\t\t<div role=\"region\" aria-labelledby=\"e-n-accordion-item-1890\" class=\"elementor-element elementor-element-95230e7 e-con-full e-flex e-con e-child\" data-id=\"95230e7\" data-element_type=\"container\" data-e-type=\"container\">\n\t\t\t\t<div class=\"elementor-element elementor-element-d801272 elementor-icon-list--layout-traditional elementor-list-item-link-full_width elementor-widget elementor-widget-icon-list\" data-id=\"d801272\" data-element_type=\"widget\" data-e-type=\"widget\" data-widget_type=\"icon-list.default\">\n\t\t\t\t<div class=\"elementor-widget-container\">\n\t\t\t\t\t\t\t<ul class=\"elementor-icon-list-items\">\n\t\t\t\t\t\t\t<li class=\"elementor-icon-list-item\">\n\t\t\t\t\t\t\t\t\t\t\t<span class=\"elementor-icon-list-icon\">\n\t\t\t\t\t\t\t<i aria-hidden=\"true\" class=\"fas fa-heart\"><\/i>\t\t\t\t\t\t<\/span>\n\t\t\t\t\t\t\t\t\t\t<span class=\"elementor-icon-list-text\">Structural Osteopathy\/Joint Manipulation <\/span>\n\t\t\t\t\t\t\t\t\t<\/li>\n\t\t\t\t\t\t\t\t<li class=\"elementor-icon-list-item\">\n\t\t\t\t\t\t\t\t\t\t\t<span class=\"elementor-icon-list-icon\">\n\t\t\t\t\t\t\t<i aria-hidden=\"true\" class=\"fas fa-heart\"><\/i>\t\t\t\t\t\t<\/span>\n\t\t\t\t\t\t\t\t\t\t<span class=\"elementor-icon-list-text\">Visceral Osteopathy<\/span>\n\t\t\t\t\t\t\t\t\t<\/li>\n\t\t\t\t\t\t\t\t<li class=\"elementor-icon-list-item\">\n\t\t\t\t\t\t\t\t\t\t\t<span class=\"elementor-icon-list-icon\">\n\t\t\t\t\t\t\t<i aria-hidden=\"true\" class=\"fas fa-heart\"><\/i>\t\t\t\t\t\t<\/span>\n\t\t\t\t\t\t\t\t\t\t<span class=\"elementor-icon-list-text\">Cranial-Sacral Osteopathy<\/span>\n\t\t\t\t\t\t\t\t\t<\/li>\n\t\t\t\t\t\t\t\t<li class=\"elementor-icon-list-item\">\n\t\t\t\t\t\t\t\t\t\t\t<span class=\"elementor-icon-list-icon\">\n\t\t\t\t\t\t\t<i aria-hidden=\"true\" class=\"fas fa-heart\"><\/i>\t\t\t\t\t\t<\/span>\n\t\t\t\t\t\t\t\t\t\t<span class=\"elementor-icon-list-text\">Terapia Fascial \/ Tecidos Moles<\/span>\n\t\t\t\t\t\t\t\t\t<\/li>\n\t\t\t\t\t\t\t\t<li class=\"elementor-icon-list-item\">\n\t\t\t\t\t\t\t\t\t\t\t<span class=\"elementor-icon-list-icon\">\n\t\t\t\t\t\t\t<i aria-hidden=\"true\" class=\"fas fa-heart\"><\/i>\t\t\t\t\t\t<\/span>\n\t\t\t\t\t\t\t\t\t\t<span class=\"elementor-icon-list-text\">Osteopatia Infantil \/ rec\u00e9m-nascidos<\/span>\n\t\t\t\t\t\t\t\t\t<\/li>\n\t\t\t\t\t\t<\/ul>\n\t\t\t\t\t\t<\/div>\n\t\t\t\t<\/div>\n\t\t\t\t<\/div>\n\t\t\t\t<\/div>\n\t\t\t\t\t<\/details>\n\t\t\t\t\t\t<details id=\"e-n-accordion-item-1891\" class=\"e-n-accordion-item\" >\n\t\t\t\t<summary class=\"e-n-accordion-item-title\" data-accordion-index=\"2\" tabindex=\"-1\" aria-expanded=\"false\" aria-controls=\"e-n-accordion-item-1891\" >\n\t\t\t\t\t<span class='e-n-accordion-item-title-header'><div class=\"e-n-accordion-item-title-text\"> Indications <\/div><\/span>\n\t\t\t\t\t\t\t\t\t<\/summary>\n\t\t\t\t<div role=\"region\" aria-labelledby=\"e-n-accordion-item-1891\" class=\"elementor-element elementor-element-5666a25 e-con-full e-flex e-con e-child\" data-id=\"5666a25\" data-element_type=\"container\" data-e-type=\"container\">\n\t\t\t\t<div class=\"elementor-element elementor-element-3902548 elementor-icon-list--layout-traditional elementor-list-item-link-full_width elementor-widget elementor-widget-icon-list\" data-id=\"3902548\" data-element_type=\"widget\" data-e-type=\"widget\" data-widget_type=\"icon-list.default\">\n\t\t\t\t<div class=\"elementor-widget-container\">\n\t\t\t\t\t\t\t<ul class=\"elementor-icon-list-items\">\n\t\t\t\t\t\t\t<li class=\"elementor-icon-list-item\">\n\t\t\t\t\t\t\t\t\t\t\t<span class=\"elementor-icon-list-icon\">\n\t\t\t\t\t\t\t<i aria-hidden=\"true\" class=\"fas fa-hand-holding-medical\"><\/i>\t\t\t\t\t\t<\/span>\n\t\t\t\t\t\t\t\t\t\t<span class=\"elementor-icon-list-text\">Headaches, Migraines, Bruxism <\/span>\n\t\t\t\t\t\t\t\t\t<\/li>\n\t\t\t\t\t\t\t\t<li class=\"elementor-icon-list-item\">\n\t\t\t\t\t\t\t\t\t\t\t<span class=\"elementor-icon-list-icon\">\n\t\t\t\t\t\t\t<i aria-hidden=\"true\" class=\"fas fa-hand-holding-medical\"><\/i>\t\t\t\t\t\t<\/span>\n\t\t\t\t\t\t\t\t\t\t<span class=\"elementor-icon-list-text\">Vertiginous Syndrome <\/span>\n\t\t\t\t\t\t\t\t\t<\/li>\n\t\t\t\t\t\t\t\t<li class=\"elementor-icon-list-item\">\n\t\t\t\t\t\t\t\t\t\t\t<span class=\"elementor-icon-list-icon\">\n\t\t\t\t\t\t\t<i aria-hidden=\"true\" class=\"fas fa-hand-holding-medical\"><\/i>\t\t\t\t\t\t<\/span>\n\t\t\t\t\t\t\t\t\t\t<span class=\"elementor-icon-list-text\">Sciatica Pain <\/span>\n\t\t\t\t\t\t\t\t\t<\/li>\n\t\t\t\t\t\t\t\t<li class=\"elementor-icon-list-item\">\n\t\t\t\t\t\t\t\t\t\t\t<span class=\"elementor-icon-list-icon\">\n\t\t\t\t\t\t\t<i aria-hidden=\"true\" class=\"fas fa-hand-holding-medical\"><\/i>\t\t\t\t\t\t<\/span>\n\t\t\t\t\t\t\t\t\t\t<span class=\"elementor-icon-list-text\">Neck\/Lumbar Pain<\/span>\n\t\t\t\t\t\t\t\t\t<\/li>\n\t\t\t\t\t\t\t\t<li class=\"elementor-icon-list-item\">\n\t\t\t\t\t\t\t\t\t\t\t<span class=\"elementor-icon-list-icon\">\n\t\t\t\t\t\t\t<i aria-hidden=\"true\" class=\"fas fa-hand-holding-medical\"><\/i>\t\t\t\t\t\t<\/span>\n\t\t\t\t\t\t\t\t\t\t<span class=\"elementor-icon-list-text\">Sinusitis\/Rhinitis<\/span>\n\t\t\t\t\t\t\t\t\t<\/li>\n\t\t\t\t\t\t\t\t<li class=\"elementor-icon-list-item\">\n\t\t\t\t\t\t\t\t\t\t\t<span class=\"elementor-icon-list-icon\">\n\t\t\t\t\t\t\t<i aria-hidden=\"true\" class=\"fas fa-hand-holding-medical\"><\/i>\t\t\t\t\t\t<\/span>\n\t\t\t\t\t\t\t\t\t\t<span class=\"elementor-icon-list-text\">Digestive problems<\/span>\n\t\t\t\t\t\t\t\t\t<\/li>\n\t\t\t\t\t\t\t\t<li class=\"elementor-icon-list-item\">\n\t\t\t\t\t\t\t\t\t\t\t<span class=\"elementor-icon-list-icon\">\n\t\t\t\t\t\t\t<i aria-hidden=\"true\" class=\"fas fa-hand-holding-medical\"><\/i>\t\t\t\t\t\t<\/span>\n\t\t\t\t\t\t\t\t\t\t<span class=\"elementor-icon-list-text\">Respiratory problems<\/span>\n\t\t\t\t\t\t\t\t\t<\/li>\n\t\t\t\t\t\t\t\t<li class=\"elementor-icon-list-item\">\n\t\t\t\t\t\t\t\t\t\t\t<span class=\"elementor-icon-list-icon\">\n\t\t\t\t\t\t\t<i aria-hidden=\"true\" class=\"fas fa-hand-holding-medical\"><\/i>\t\t\t\t\t\t<\/span>\n\t\t\t\t\t\t\t\t\t\t<span class=\"elementor-icon-list-text\">Sleep Problems\/Chronic Fatigue<\/span>\n\t\t\t\t\t\t\t\t\t<\/li>\n\t\t\t\t\t\t\t\t<li class=\"elementor-icon-list-item\">\n\t\t\t\t\t\t\t\t\t\t\t<span class=\"elementor-icon-list-icon\">\n\t\t\t\t\t\t\t<i aria-hidden=\"true\" class=\"fas fa-hand-holding-medical\"><\/i>\t\t\t\t\t\t<\/span>\n\t\t\t\t\t\t\t\t\t\t<span class=\"elementor-icon-list-text\">Sports Injuries<\/span>\n\t\t\t\t\t\t\t\t\t<\/li>\n\t\t\t\t\t\t\t\t<li class=\"elementor-icon-list-item\">\n\t\t\t\t\t\t\t\t\t\t\t<span class=\"elementor-icon-list-icon\">\n\t\t\t\t\t\t\t<i aria-hidden=\"true\" class=\"fas fa-hand-holding-medical\"><\/i>\t\t\t\t\t\t<\/span>\n\t\t\t\t\t\t\t\t\t\t<span class=\"elementor-icon-list-text\">Chronic Pain <\/span>\n\t\t\t\t\t\t\t\t\t<\/li>\n\t\t\t\t\t\t\t\t<li class=\"elementor-icon-list-item\">\n\t\t\t\t\t\t\t\t\t\t\t<span class=\"elementor-icon-list-icon\">\n\t\t\t\t\t\t\t<i aria-hidden=\"true\" class=\"fas fa-hand-holding-medical\"><\/i>\t\t\t\t\t\t<\/span>\n\t\t\t\t\t\t\t\t\t\t<span class=\"elementor-icon-list-text\">Traumatic Injuries (falls, Car Accidents) <\/span>\n\t\t\t\t\t\t\t\t\t<\/li>\n\t\t\t\t\t\t\t\t<li class=\"elementor-icon-list-item\">\n\t\t\t\t\t\t\t\t\t\t\t<span class=\"elementor-icon-list-icon\">\n\t\t\t\t\t\t\t<i aria-hidden=\"true\" class=\"fas fa-hand-holding-medical\"><\/i>\t\t\t\t\t\t<\/span>\n\t\t\t\t\t\t\t\t\t\t<span class=\"elementor-icon-list-text\">Torticollis<\/span>\n\t\t\t\t\t\t\t\t\t<\/li>\n\t\t\t\t\t\t\t\t<li class=\"elementor-icon-list-item\">\n\t\t\t\t\t\t\t\t\t\t\t<span class=\"elementor-icon-list-icon\">\n\t\t\t\t\t\t\t<i aria-hidden=\"true\" class=\"fas fa-hand-holding-medical\"><\/i>\t\t\t\t\t\t<\/span>\n\t\t\t\t\t\t\t\t\t\t<span class=\"elementor-icon-list-text\">Sprains<\/span>\n\t\t\t\t\t\t\t\t\t<\/li>\n\t\t\t\t\t\t<\/ul>\n\t\t\t\t\t\t<\/div>\n\t\t\t\t<\/div>\n\t\t\t\t<\/div>\n\t\t\t\t\t<\/details>\n\t\t\t\t\t<\/div>\n\t\t\t\t\t\t<\/div>\n\t\t\t\t<\/div>\n\t\t\t\t\t<\/div>\n\t\t\t\t<\/div>\n\t\t<div class=\"elementor-element elementor-element-66eeda9 e-flex e-con-boxed e-con e-parent\" data-id=\"66eeda9\" data-element_type=\"container\" data-e-type=\"container\" data-settings=\"{&quot;background_background&quot;:&quot;classic&quot;}\">\n\t\t\t\t\t<div class=\"e-con-inner\">\n\t\t\t\t<div class=\"elementor-element elementor-element-75d6992 elementor-widget elementor-widget-prophysique_core_section_title\" data-id=\"75d6992\" data-element_type=\"widget\" data-e-type=\"widget\" data-widget_type=\"prophysique_core_section_title.default\">\n\t\t\t\t<div class=\"elementor-widget-container\">\n\t\t\t\t\t<div class=\"qodef-shortcode qodef-m  qodef-section-title qodef-alignment--center\">\n\t\t\t\t<h2 class=\"qodef-m-title\" >\n\t\tBook an appointment\t<\/h2>\n\t\t<p class=\"qodef-m-text\" >At Senilife Medical Institute, we pride ourselves on our commitment to high-quality healthcare and personalized service.\n\n<\/p>\n\t<\/div>\n\t\t\t\t<\/div>\n\t\t\t\t<\/div>\n\t\t\t\t<div class=\"elementor-element elementor-element-e2349eb elementor-widget elementor-widget-prophysique_core_button\" data-id=\"e2349eb\" data-element_type=\"widget\" data-e-type=\"widget\" data-widget_type=\"prophysique_core_button.default\">\n\t\t\t\t<div class=\"elementor-widget-container\">\n\t\t\t\t\t<a class=\"qodef-shortcode qodef-m  qodef-button qodef-layout--filled  qodef-html--link\" href=\"\/en\/contactos\/\" target=\"_self\"  style=\"padding: 10px 5px 10px 5px\">\n\t<span class=\"qodef-m-text\">Book An Appointment<\/span>\n<\/a>\n\t\t\t\t<\/div>\n\t\t\t\t<\/div>\n\t\t\t\t\t<\/div>\n\t\t\t\t<\/div>\n\t\t\t\t<\/div>","protected":false},"excerpt":{"rendered":"<p>Osteopatia Sobre a Osteopatia As Consultas de Osteopatia t\u00eam como objetivo principal ajudar o paciente a melhorar sua sa\u00fade geral e bem-estar, atrav\u00e9s da avalia\u00e7\u00e3o e tratamento de desequil\u00edbrios e disfun\u00e7\u00f5es no sistema musculoesquel\u00e9tico. Dr. Andr\u00e9 Nicha \/ Dra. Teresa Patinha \u00c1reas de Interven\u00e7\u00e3o Osteopatia estrutural\/Manipula\u00e7\u00e3o Articular Osteopatia Visceral Osteopatia Sacro-Craniana Terapia Fascial \/ Tecidos [&hellip;]<\/p>\n","protected":false},"author":1,"featured_media":0,"parent":0,"menu_order":0,"comment_status":"closed","ping_status":"closed","template":"page-full-width.php","meta":{"footnotes":""},"class_list":["post-10413","page","type-page","status-publish","hentry"],"yoast_head":"<!-- This site is optimized with the Yoast SEO plugin v27.2 - https:\/\/yoast.com\/product\/yoast-seo-wordpress\/ -->\n<title>Osteopatia - Instituto M\u00e9dico Senilife<\/title>\n<meta name=\"robots\" content=\"index, follow, max-snippet:-1, max-image-preview:large, max-video-preview:-1\" \/>\n<link rel=\"canonical\" href=\"https:\/\/institutomedicosenilife.pt\/en\/osteopatia\/\" \/>\n<meta property=\"og:locale\" content=\"en_GB\" \/>\n<meta property=\"og:type\" content=\"article\" \/>\n<meta property=\"og:title\" content=\"Osteopatia - Instituto M\u00e9dico Senilife\" \/>\n<meta property=\"og:description\" content=\"Osteopatia Sobre a Osteopatia As Consultas de Osteopatia t\u00eam como objetivo principal ajudar o paciente a melhorar sua sa\u00fade geral e bem-estar, atrav\u00e9s da avalia\u00e7\u00e3o e tratamento de desequil\u00edbrios e disfun\u00e7\u00f5es no sistema musculoesquel\u00e9tico. Dr. Andr\u00e9 Nicha \/ Dra. Teresa Patinha \u00c1reas de Interven\u00e7\u00e3o Osteopatia estrutural\/Manipula\u00e7\u00e3o Articular Osteopatia Visceral Osteopatia Sacro-Craniana Terapia Fascial \/ Tecidos [&hellip;]\" \/>\n<meta property=\"og:url\" content=\"https:\/\/institutomedicosenilife.pt\/en\/osteopatia\/\" \/>\n<meta property=\"og:site_name\" content=\"Instituto M\u00e9dico Senilife\" \/>\n<meta property=\"article:modified_time\" content=\"2026-03-20T16:23:10+00:00\" \/>\n<meta property=\"og:image\" content=\"https:\/\/institutomedicosenilife.pt\/wp-content\/uploads\/2024\/08\/osteopathy-patoient-getting-tretment-massage-scaled.jpg\" \/>\n\t<meta property=\"og:image:width\" content=\"2560\" \/>\n\t<meta property=\"og:image:height\" content=\"1703\" \/>\n\t<meta property=\"og:image:type\" content=\"image\/jpeg\" \/>\n<meta name=\"twitter:card\" content=\"summary_large_image\" \/>\n<script type=\"application\/ld+json\" class=\"yoast-schema-graph\">{\"@context\":\"https:\/\/schema.org\",\"@graph\":[{\"@type\":\"WebPage\",\"@id\":\"https:\/\/institutomedicosenilife.pt\/osteopatia\/\",\"url\":\"https:\/\/institutomedicosenilife.pt\/osteopatia\/\",\"name\":\"Osteopatia - Instituto M\u00e9dico Senilife\",\"isPartOf\":{\"@id\":\"https:\/\/institutomedicosenilife.pt\/#website\"},\"primaryImageOfPage\":{\"@id\":\"https:\/\/institutomedicosenilife.pt\/osteopatia\/#primaryimage\"},\"image\":{\"@id\":\"https:\/\/institutomedicosenilife.pt\/osteopatia\/#primaryimage\"},\"thumbnailUrl\":\"https:\/\/institutomedicosenilife.pt\/wp-content\/uploads\/2024\/08\/osteopathy-patoient-getting-tretment-massage-768x511.jpg\",\"datePublished\":\"2024-08-13T21:06:56+00:00\",\"dateModified\":\"2026-03-20T16:23:10+00:00\",\"breadcrumb\":{\"@id\":\"https:\/\/institutomedicosenilife.pt\/osteopatia\/#breadcrumb\"},\"inLanguage\":\"en-GB\",\"potentialAction\":[{\"@type\":\"ReadAction\",\"target\":[\"https:\/\/institutomedicosenilife.pt\/osteopatia\/\"]}]},{\"@type\":\"ImageObject\",\"inLanguage\":\"en-GB\",\"@id\":\"https:\/\/institutomedicosenilife.pt\/osteopatia\/#primaryimage\",\"url\":\"https:\/\/institutomedicosenilife.pt\/wp-content\/uploads\/2024\/08\/osteopathy-patoient-getting-tretment-massage-768x511.jpg\",\"contentUrl\":\"https:\/\/institutomedicosenilife.pt\/wp-content\/uploads\/2024\/08\/osteopathy-patoient-getting-tretment-massage-768x511.jpg\"},{\"@type\":\"BreadcrumbList\",\"@id\":\"https:\/\/institutomedicosenilife.pt\/osteopatia\/#breadcrumb\",\"itemListElement\":[{\"@type\":\"ListItem\",\"position\":1,\"name\":\"In\u00edcio\",\"item\":\"https:\/\/institutomedicosenilife.pt\/\"},{\"@type\":\"ListItem\",\"position\":2,\"name\":\"Osteopatia\"}]},{\"@type\":\"WebSite\",\"@id\":\"https:\/\/institutomedicosenilife.pt\/#website\",\"url\":\"https:\/\/institutomedicosenilife.pt\/\",\"name\":\"Instituto M\u00e9dico Senilife\",\"description\":\"\",\"publisher\":{\"@id\":\"https:\/\/institutomedicosenilife.pt\/#organization\"},\"potentialAction\":[{\"@type\":\"SearchAction\",\"target\":{\"@type\":\"EntryPoint\",\"urlTemplate\":\"https:\/\/institutomedicosenilife.pt\/?s={search_term_string}\"},\"query-input\":{\"@type\":\"PropertyValueSpecification\",\"valueRequired\":true,\"valueName\":\"search_term_string\"}}],\"inLanguage\":\"en-GB\"},{\"@type\":\"Organization\",\"@id\":\"https:\/\/institutomedicosenilife.pt\/#organization\",\"name\":\"Instituto M\u00e9dico Senilife\",\"url\":\"https:\/\/institutomedicosenilife.pt\/\",\"logo\":{\"@type\":\"ImageObject\",\"inLanguage\":\"en-GB\",\"@id\":\"https:\/\/institutomedicosenilife.pt\/#\/schema\/logo\/image\/\",\"url\":\"https:\/\/institutomedicosenilife.pt\/wp-content\/uploads\/2024\/08\/cropped-IMSicon_wh1-1.png\",\"contentUrl\":\"https:\/\/institutomedicosenilife.pt\/wp-content\/uploads\/2024\/08\/cropped-IMSicon_wh1-1.png\",\"width\":500,\"height\":500,\"caption\":\"Instituto M\u00e9dico Senilife\"},\"image\":{\"@id\":\"https:\/\/institutomedicosenilife.pt\/#\/schema\/logo\/image\/\"}}]}<\/script>\n<!-- \/ Yoast SEO plugin. -->","yoast_head_json":{"title":"Osteopatia - Instituto M\u00e9dico Senilife","robots":{"index":"index","follow":"follow","max-snippet":"max-snippet:-1","max-image-preview":"max-image-preview:large","max-video-preview":"max-video-preview:-1"},"canonical":"https:\/\/institutomedicosenilife.pt\/en\/osteopatia\/","og_locale":"en_GB","og_type":"article","og_title":"Osteopatia - Instituto M\u00e9dico Senilife","og_description":"Osteopatia Sobre a Osteopatia As Consultas de Osteopatia t\u00eam como objetivo principal ajudar o paciente a melhorar sua sa\u00fade geral e bem-estar, atrav\u00e9s da avalia\u00e7\u00e3o e tratamento de desequil\u00edbrios e disfun\u00e7\u00f5es no sistema musculoesquel\u00e9tico. Dr. Andr\u00e9 Nicha \/ Dra. Teresa Patinha \u00c1reas de Interven\u00e7\u00e3o Osteopatia estrutural\/Manipula\u00e7\u00e3o Articular Osteopatia Visceral Osteopatia Sacro-Craniana Terapia Fascial \/ Tecidos [&hellip;]","og_url":"https:\/\/institutomedicosenilife.pt\/en\/osteopatia\/","og_site_name":"Instituto M\u00e9dico Senilife","article_modified_time":"2026-03-20T16:23:10+00:00","og_image":[{"width":2560,"height":1703,"url":"https:\/\/institutomedicosenilife.pt\/wp-content\/uploads\/2024\/08\/osteopathy-patoient-getting-tretment-massage-scaled.jpg","type":"image\/jpeg"}],"twitter_card":"summary_large_image","schema":{"@context":"https:\/\/schema.org","@graph":[{"@type":"WebPage","@id":"https:\/\/institutomedicosenilife.pt\/osteopatia\/","url":"https:\/\/institutomedicosenilife.pt\/osteopatia\/","name":"Osteopatia - Instituto M\u00e9dico Senilife","isPartOf":{"@id":"https:\/\/institutomedicosenilife.pt\/#website"},"primaryImageOfPage":{"@id":"https:\/\/institutomedicosenilife.pt\/osteopatia\/#primaryimage"},"image":{"@id":"https:\/\/institutomedicosenilife.pt\/osteopatia\/#primaryimage"},"thumbnailUrl":"https:\/\/institutomedicosenilife.pt\/wp-content\/uploads\/2024\/08\/osteopathy-patoient-getting-tretment-massage-768x511.jpg","datePublished":"2024-08-13T21:06:56+00:00","dateModified":"2026-03-20T16:23:10+00:00","breadcrumb":{"@id":"https:\/\/institutomedicosenilife.pt\/osteopatia\/#breadcrumb"},"inLanguage":"en-GB","potentialAction":[{"@type":"ReadAction","target":["https:\/\/institutomedicosenilife.pt\/osteopatia\/"]}]},{"@type":"ImageObject","inLanguage":"en-GB","@id":"https:\/\/institutomedicosenilife.pt\/osteopatia\/#primaryimage","url":"https:\/\/institutomedicosenilife.pt\/wp-content\/uploads\/2024\/08\/osteopathy-patoient-getting-tretment-massage-768x511.jpg","contentUrl":"https:\/\/institutomedicosenilife.pt\/wp-content\/uploads\/2024\/08\/osteopathy-patoient-getting-tretment-massage-768x511.jpg"},{"@type":"BreadcrumbList","@id":"https:\/\/institutomedicosenilife.pt\/osteopatia\/#breadcrumb","itemListElement":[{"@type":"ListItem","position":1,"name":"In\u00edcio","item":"https:\/\/institutomedicosenilife.pt\/"},{"@type":"ListItem","position":2,"name":"Osteopatia"}]},{"@type":"WebSite","@id":"https:\/\/institutomedicosenilife.pt\/#website","url":"https:\/\/institutomedicosenilife.pt\/","name":"Instituto M\u00e9dico Senilife","description":"","publisher":{"@id":"https:\/\/institutomedicosenilife.pt\/#organization"},"potentialAction":[{"@type":"SearchAction","target":{"@type":"EntryPoint","urlTemplate":"https:\/\/institutomedicosenilife.pt\/?s={search_term_string}"},"query-input":{"@type":"PropertyValueSpecification","valueRequired":true,"valueName":"search_term_string"}}],"inLanguage":"en-GB"},{"@type":"Organization","@id":"https:\/\/institutomedicosenilife.pt\/#organization","name":"Instituto M\u00e9dico Senilife","url":"https:\/\/institutomedicosenilife.pt\/","logo":{"@type":"ImageObject","inLanguage":"en-GB","@id":"https:\/\/institutomedicosenilife.pt\/#\/schema\/logo\/image\/","url":"https:\/\/institutomedicosenilife.pt\/wp-content\/uploads\/2024\/08\/cropped-IMSicon_wh1-1.png","contentUrl":"https:\/\/institutomedicosenilife.pt\/wp-content\/uploads\/2024\/08\/cropped-IMSicon_wh1-1.png","width":500,"height":500,"caption":"Instituto M\u00e9dico Senilife"},"image":{"@id":"https:\/\/institutomedicosenilife.pt\/#\/schema\/logo\/image\/"}}]}},"_links":{"self":[{"href":"https:\/\/institutomedicosenilife.pt\/en\/wp-json\/wp\/v2\/pages\/10413","targetHints":{"allow":["GET"]}}],"collection":[{"href":"https:\/\/institutomedicosenilife.pt\/en\/wp-json\/wp\/v2\/pages"}],"about":[{"href":"https:\/\/institutomedicosenilife.pt\/en\/wp-json\/wp\/v2\/types\/page"}],"author":[{"embeddable":true,"href":"https:\/\/institutomedicosenilife.pt\/en\/wp-json\/wp\/v2\/users\/1"}],"replies":[{"embeddable":true,"href":"https:\/\/institutomedicosenilife.pt\/en\/wp-json\/wp\/v2\/comments?post=10413"}],"version-history":[{"count":16,"href":"https:\/\/institutomedicosenilife.pt\/en\/wp-json\/wp\/v2\/pages\/10413\/revisions"}],"predecessor-version":[{"id":10710,"href":"https:\/\/institutomedicosenilife.pt\/en\/wp-json\/wp\/v2\/pages\/10413\/revisions\/10710"}],"wp:attachment":[{"href":"https:\/\/institutomedicosenilife.pt\/en\/wp-json\/wp\/v2\/media?parent=10413"}],"curies":[{"name":"wp","href":"https:\/\/api.w.org\/{rel}","templated":true}]}}