{"id":10309,"date":"2024-08-13T16:28:32","date_gmt":"2024-08-13T16:28:32","guid":{"rendered":"https:\/\/institutomedicosenilife.pt\/?page_id=10309"},"modified":"2026-03-24T12:56:58","modified_gmt":"2026-03-24T12:56:58","slug":"contactos","status":"publish","type":"page","link":"https:\/\/institutomedicosenilife.pt\/en\/contactos\/","title":{"rendered":"Contact"},"content":{"rendered":"\t\t<div data-elementor-type=\"wp-page\" data-elementor-id=\"10309\" class=\"elementor elementor-10309\" data-elementor-post-type=\"page\">\n\t\t\t\t<div class=\"elementor-element elementor-element-4d84eca e-con-full e-flex e-con e-parent\" data-id=\"4d84eca\" data-element_type=\"container\" data-e-type=\"container\">\n\t\t\t\t<div class=\"elementor-element elementor-element-c08b00b elementor--h-position-center elementor--v-position-middle elementor-widget elementor-widget-slides\" data-id=\"c08b00b\" data-element_type=\"widget\" data-e-type=\"widget\" data-settings=\"{&quot;navigation&quot;:&quot;none&quot;,&quot;autoplay&quot;:&quot;yes&quot;,&quot;pause_on_hover&quot;:&quot;yes&quot;,&quot;pause_on_interaction&quot;:&quot;yes&quot;,&quot;autoplay_speed&quot;:5000,&quot;infinite&quot;:&quot;yes&quot;,&quot;transition&quot;:&quot;slide&quot;,&quot;transition_speed&quot;:500}\" data-widget_type=\"slides.default\">\n\t\t\t\t<div class=\"elementor-widget-container\">\n\t\t\t\t\t\t\t\t\t<div class=\"elementor-swiper\">\n\t\t\t\t\t<div class=\"elementor-slides-wrapper elementor-main-swiper swiper\" role=\"region\" aria-roledescription=\"carousel\" aria-label=\"Slides\" dir=\"ltr\" data-animation=\"fadeInUp\">\n\t\t\t\t<div class=\"swiper-wrapper elementor-slides\">\n\t\t\t\t\t\t\t\t\t\t<div class=\"elementor-repeater-item-a27b2f1 swiper-slide\" role=\"group\" aria-roledescription=\"slide\"><div class=\"swiper-slide-bg\" role=\"img\" aria-label=\"frente\"><\/div><div class=\"elementor-background-overlay\"><\/div><div class=\"swiper-slide-inner\" ><div class=\"swiper-slide-contents\"><div class=\"elementor-slide-heading\">Contactos<\/div><\/div><\/div><\/div>\t\t\t\t<\/div>\n\t\t\t\t\t\t\t<\/div>\n\t\t\t\t<\/div>\n\t\t\t\t\t\t\t\t<\/div>\n\t\t\t\t<\/div>\n\t\t\t\t<\/div>\n\t\t<div class=\"elementor-element elementor-element-0a9ba43 e-flex e-con-boxed e-con e-parent\" data-id=\"0a9ba43\" data-element_type=\"container\" data-e-type=\"container\">\n\t\t\t\t\t<div class=\"e-con-inner\">\n\t\t<div class=\"elementor-element elementor-element-b1f4c9e e-con-full e-flex e-con e-child\" data-id=\"b1f4c9e\" data-element_type=\"container\" data-e-type=\"container\">\n\t\t\t\t<div class=\"elementor-element elementor-element-4f00bd2 elementor-widget elementor-widget-prophysique_core_section_title\" data-id=\"4f00bd2\" data-element_type=\"widget\" data-e-type=\"widget\" data-widget_type=\"prophysique_core_section_title.default\">\n\t\t\t\t<div class=\"elementor-widget-container\">\n\t\t\t\t\t<div class=\"qodef-shortcode qodef-m  qodef-section-title qodef-alignment--left \">\n\t\t\t\t<h4 class=\"qodef-m-title\" >\n\t\tInforma\u00e7\u00f5es de Contacto\t<\/h4>\n\t\t<p class=\"qodef-m-text\" >Pode entrar em contacto connosco atrav\u00e9s dos canais abaixo ou atrav\u00e9s do formul\u00e1rio de contacto.\n<\/p>\n\t<\/div>\n\t\t\t\t<\/div>\n\t\t\t\t<\/div>\n\t\t<div class=\"elementor-element elementor-element-69403c4 e-con-full e-flex e-con e-child\" data-id=\"69403c4\" data-element_type=\"container\" data-e-type=\"container\">\n\t\t<div class=\"elementor-element elementor-element-fb54485 e-con-full e-flex e-con e-child\" data-id=\"fb54485\" data-element_type=\"container\" data-e-type=\"container\">\n\t\t\t\t<div class=\"elementor-element elementor-element-4f9d28a elementor-widget elementor-widget-heading\" data-id=\"4f9d28a\" data-element_type=\"widget\" data-e-type=\"widget\" data-widget_type=\"heading.default\">\n\t\t\t\t<div class=\"elementor-widget-container\">\n\t\t\t\t\t<h6 class=\"elementor-heading-title elementor-size-default\">Morada:<\/h6>\t\t\t\t<\/div>\n\t\t\t\t<\/div>\n\t\t\t\t<div class=\"elementor-element elementor-element-37bd5ac elementor-widget elementor-widget-text-editor\" data-id=\"37bd5ac\" data-element_type=\"widget\" data-e-type=\"widget\" data-widget_type=\"text-editor.default\">\n\t\t\t\t<div class=\"elementor-widget-container\">\n\t\t\t\t\t\t\t\t\t<p>Rua Joaquim Pedro Gomes Oliveira 105<\/p><p>2925-536<\/p><p>Azeit\u00e3o<\/p>\t\t\t\t\t\t\t\t<\/div>\n\t\t\t\t<\/div>\n\t\t\t\t<\/div>\n\t\t<div class=\"elementor-element elementor-element-0e5336d e-con-full e-flex e-con e-child\" data-id=\"0e5336d\" data-element_type=\"container\" data-e-type=\"container\">\n\t\t\t\t<div class=\"elementor-element elementor-element-2c072ce elementor-widget elementor-widget-heading\" data-id=\"2c072ce\" data-element_type=\"widget\" data-e-type=\"widget\" data-widget_type=\"heading.default\">\n\t\t\t\t<div class=\"elementor-widget-container\">\n\t\t\t\t\t<h6 class=\"elementor-heading-title elementor-size-default\">Hor\u00e1rio:<\/h6>\t\t\t\t<\/div>\n\t\t\t\t<\/div>\n\t\t\t\t<div class=\"elementor-element elementor-element-cd4fc1d elementor-widget elementor-widget-text-editor\" data-id=\"cd4fc1d\" data-element_type=\"widget\" data-e-type=\"widget\" data-widget_type=\"text-editor.default\">\n\t\t\t\t<div class=\"elementor-widget-container\">\n\t\t\t\t\t\t\t\t\t<p>Segunda &#8211; Sexta<\/p>\n<p>09:00 &#8211; 19:00<\/p>\n<p><span style=\"background-color: #ffffff;\">S\u00e1bado<\/span><\/p>\n<p><span style=\"background-color: #ffffff;\">09:00 &#8211; 13:00<\/span><\/p>\t\t\t\t\t\t\t\t<\/div>\n\t\t\t\t<\/div>\n\t\t\t\t<\/div>\n\t\t\t\t<\/div>\n\t\t<div class=\"elementor-element elementor-element-f494418 e-con-full e-flex e-con e-child\" data-id=\"f494418\" data-element_type=\"container\" data-e-type=\"container\">\n\t\t<div class=\"elementor-element elementor-element-ff71c5d e-con-full e-flex e-con e-child\" data-id=\"ff71c5d\" data-element_type=\"container\" data-e-type=\"container\">\n\t\t\t\t<div class=\"elementor-element elementor-element-e12b83c elementor-widget elementor-widget-heading\" data-id=\"e12b83c\" data-element_type=\"widget\" data-e-type=\"widget\" data-widget_type=\"heading.default\">\n\t\t\t\t<div class=\"elementor-widget-container\">\n\t\t\t\t\t<h6 class=\"elementor-heading-title elementor-size-default\">email:<\/h6>\t\t\t\t<\/div>\n\t\t\t\t<\/div>\n\t\t\t\t<div class=\"elementor-element elementor-element-3239525 elementor-widget elementor-widget-text-editor\" data-id=\"3239525\" data-element_type=\"widget\" data-e-type=\"widget\" data-widget_type=\"text-editor.default\">\n\t\t\t\t<div class=\"elementor-widget-container\">\n\t\t\t\t\t\t\t\t\t<p>institutomedicosenilife@senilife.pt\n<p>ims@senilife.pt\t\t\t\t\t\t\t\t<\/div>\n\t\t\t\t<\/div>\n\t\t\t\t<\/div>\n\t\t<div class=\"elementor-element elementor-element-510ca6b e-con-full e-flex e-con e-child\" data-id=\"510ca6b\" data-element_type=\"container\" data-e-type=\"container\">\n\t\t\t\t<div class=\"elementor-element elementor-element-e9da629 elementor-widget elementor-widget-heading\" data-id=\"e9da629\" data-element_type=\"widget\" data-e-type=\"widget\" data-widget_type=\"heading.default\">\n\t\t\t\t<div class=\"elementor-widget-container\">\n\t\t\t\t\t<h6 class=\"elementor-heading-title elementor-size-default\">TELEFONE:<\/h6>\t\t\t\t<\/div>\n\t\t\t\t<\/div>\n\t\t\t\t<div class=\"elementor-element elementor-element-fb45d48 elementor-widget elementor-widget-text-editor\" data-id=\"fb45d48\" data-element_type=\"widget\" data-e-type=\"widget\" data-widget_type=\"text-editor.default\">\n\t\t\t\t<div class=\"elementor-widget-container\">\n\t\t\t\t\t\t\t\t\t<p>(+351) 212 183 159\n\n<p>(+351) 927 125 363\n\n<p><em style=\"font-size:12px\">(Chamada para rede fixa e m\u00f3vel nacional)<\/em><\/p>\t\t\t\t\t\t\t\t<\/div>\n\t\t\t\t<\/div>\n\t\t\t\t<\/div>\n\t\t\t\t<\/div>\n\t\t\t\t<\/div>\n\t\t<div class=\"elementor-element elementor-element-b812ca0 e-con-full e-flex e-con e-child\" data-id=\"b812ca0\" data-element_type=\"container\" data-e-type=\"container\">\n\t\t\t\t<div class=\"elementor-element elementor-element-62f638c elementor-widget elementor-widget-google_maps\" data-id=\"62f638c\" data-element_type=\"widget\" data-e-type=\"widget\" data-widget_type=\"google_maps.default\">\n\t\t\t\t<div class=\"elementor-widget-container\">\n\t\t\t\t\t\t\t<div class=\"elementor-custom-embed\">\n\t\t\t<iframe loading=\"lazy\"\n\t\t\t\t\tsrc=\"https:\/\/maps.google.com\/maps?q=Rua%20Joaquim%20Pedro%20Gomes%20Oliveira%20105%2C%202925-536%20Azeit%C3%A3o&#038;t=m&#038;z=15&#038;output=embed&#038;iwloc=near\"\n\t\t\t\t\ttitle=\"Rua Joaquim Pedro Gomes Oliveira 105, 2925-536 Azeit\u00e3o\"\n\t\t\t\t\taria-label=\"Rua Joaquim Pedro Gomes Oliveira 105, 2925-536 Azeit\u00e3o\"\n\t\t\t><\/iframe>\n\t\t<\/div>\n\t\t\t\t\t\t<\/div>\n\t\t\t\t<\/div>\n\t\t\t\t<\/div>\n\t\t\t\t\t<\/div>\n\t\t\t\t<\/div>\n\t\t<div class=\"elementor-element elementor-element-7a02df1 e-flex e-con-boxed e-con e-parent\" data-id=\"7a02df1\" data-element_type=\"container\" data-e-type=\"container\" data-settings=\"{&quot;background_background&quot;:&quot;classic&quot;}\">\n\t\t\t\t\t<div class=\"e-con-inner\">\n\t\t<div class=\"elementor-element elementor-element-b6d0924 e-con-full e-flex e-con e-child\" data-id=\"b6d0924\" data-element_type=\"container\" data-e-type=\"container\">\n\t\t\t\t<div class=\"elementor-element elementor-element-8da99ce elementor-widget elementor-widget-image\" data-id=\"8da99ce\" data-element_type=\"widget\" data-e-type=\"widget\" data-widget_type=\"image.default\">\n\t\t\t\t<div class=\"elementor-widget-container\">\n\t\t\t\t\t\t\t\t\t\t\t\t\t\t\t<img decoding=\"async\" src=\"https:\/\/institutomedicosenilife.pt\/wp-content\/uploads\/elementor\/thumbs\/frente-scaled-rkqwq0cvqceppyiq6pw8xj84zul988w228fnzh5ykm.jpeg\" title=\"frente\" alt=\"frente\" loading=\"lazy\" \/>\t\t\t\t\t\t\t\t\t\t\t\t\t\t\t<\/div>\n\t\t\t\t<\/div>\n\t\t\t\t<\/div>\n\t\t<div class=\"elementor-element elementor-element-fec0226 e-con-full e-flex e-con e-child\" data-id=\"fec0226\" data-element_type=\"container\" data-e-type=\"container\">\n\t\t\t\t<div class=\"elementor-element elementor-element-bddf9a5 elementor-widget elementor-widget-prophysique_core_section_title\" data-id=\"bddf9a5\" data-element_type=\"widget\" data-e-type=\"widget\" data-widget_type=\"prophysique_core_section_title.default\">\n\t\t\t\t<div class=\"elementor-widget-container\">\n\t\t\t\t\t<div class=\"qodef-shortcode qodef-m  qodef-section-title qodef-alignment--left \">\n\t\t\t\t<h4 class=\"qodef-m-title\" >\n\t\tFale Connosco\t<\/h4>\n\t\t<p class=\"qodef-m-text\" >Envie-nos uma mensagem preenchendo o formul\u00e1rio.<\/p>\n\t<\/div>\n\t\t\t\t<\/div>\n\t\t\t\t<\/div>\n\t\t\t\t<div class=\"elementor-element elementor-element-df2f121 elementor-button-align-center elementor-widget elementor-widget-form\" data-id=\"df2f121\" data-element_type=\"widget\" data-e-type=\"widget\" data-settings=\"{&quot;step_next_label&quot;:&quot;Next&quot;,&quot;step_previous_label&quot;:&quot;Previous&quot;,&quot;button_width&quot;:&quot;100&quot;,&quot;step_type&quot;:&quot;number_text&quot;,&quot;step_icon_shape&quot;:&quot;circle&quot;}\" data-widget_type=\"form.default\">\n\t\t\t\t<div class=\"elementor-widget-container\">\n\t\t\t\t\t\t\t<form class=\"elementor-form\" method=\"post\" name=\"New Form\" aria-label=\"New Form\">\n\t\t\t<input type=\"hidden\" name=\"post_id\" value=\"10309\"\/>\n\t\t\t<input type=\"hidden\" name=\"form_id\" value=\"df2f121\"\/>\n\t\t\t<input type=\"hidden\" name=\"referer_title\" value=\"Contactos - Instituto M\u00e9dico Senilife\" \/>\n\n\t\t\t\t\t\t\t<input type=\"hidden\" name=\"queried_id\" value=\"10309\"\/>\n\t\t\t\n\t\t\t<div class=\"elementor-form-fields-wrapper elementor-labels-\">\n\t\t\t\t\t\t\t\t<div class=\"elementor-field-type-text elementor-field-group elementor-column elementor-field-group-name elementor-col-50\">\n\t\t\t\t\t\t\t\t\t\t\t\t<label for=\"form-field-name\" class=\"elementor-field-label elementor-screen-only\">\n\t\t\t\t\t\t\t\tNome\t\t\t\t\t\t\t<\/label>\n\t\t\t\t\t\t\t\t\t\t\t\t\t\t<input size=\"1\" type=\"text\" name=\"form_fields[name]\" id=\"form-field-name\" class=\"elementor-field elementor-size-xs  elementor-field-textual\" placeholder=\"Nome\">\n\t\t\t\t\t\t\t\t\t\t\t<\/div>\n\t\t\t\t\t\t\t\t<div class=\"elementor-field-type-email elementor-field-group elementor-column elementor-field-group-email elementor-col-50 elementor-field-required\">\n\t\t\t\t\t\t\t\t\t\t\t\t<label for=\"form-field-email\" class=\"elementor-field-label elementor-screen-only\">\n\t\t\t\t\t\t\t\tEmail\t\t\t\t\t\t\t<\/label>\n\t\t\t\t\t\t\t\t\t\t\t\t\t\t<input size=\"1\" type=\"email\" name=\"form_fields[email]\" id=\"form-field-email\" class=\"elementor-field elementor-size-xs  elementor-field-textual\" placeholder=\"Email\" required=\"required\">\n\t\t\t\t\t\t\t\t\t\t\t<\/div>\n\t\t\t\t\t\t\t\t<div class=\"elementor-field-type-textarea elementor-field-group elementor-column elementor-field-group-message elementor-col-100\">\n\t\t\t\t\t\t\t\t\t\t\t\t<label for=\"form-field-message\" class=\"elementor-field-label elementor-screen-only\">\n\t\t\t\t\t\t\t\tMensagem\t\t\t\t\t\t\t<\/label>\n\t\t\t\t\t\t<textarea class=\"elementor-field-textual elementor-field  elementor-size-xs\" name=\"form_fields[message]\" id=\"form-field-message\" rows=\"4\" placeholder=\"Mensagem\"><\/textarea>\t\t\t\t<\/div>\n\t\t\t\t\t\t\t\t<div class=\"elementor-field-group elementor-column elementor-field-type-submit elementor-col-100 e-form__buttons\">\n\t\t\t\t\t<button class=\"elementor-button elementor-size-sm\" type=\"submit\">\n\t\t\t\t\t\t<span class=\"elementor-button-content-wrapper\">\n\t\t\t\t\t\t\t\t\t\t\t\t\t\t\t\t\t\t\t\t\t\t<span class=\"elementor-button-text\">Enviar<\/span>\n\t\t\t\t\t\t\t\t\t\t\t\t\t<\/span>\n\t\t\t\t\t<\/button>\n\t\t\t\t<\/div>\n\t\t\t<\/div>\n\t\t<\/form>\n\t\t\t\t\t\t<\/div>\n\t\t\t\t<\/div>\n\t\t\t\t<\/div>\n\t\t\t\t\t<\/div>\n\t\t\t\t<\/div>\n\t\t\t\t<\/div>\n\t\t","protected":false},"excerpt":{"rendered":"<p>Contactos Informa\u00e7\u00f5es de Contacto Pode entrar em contacto connosco atrav\u00e9s dos canais abaixo ou atrav\u00e9s do formul\u00e1rio de contacto. Morada: Rua Joaquim Pedro Gomes Oliveira 105 2925-536 Azeit\u00e3o Hor\u00e1rio: Segunda &#8211; Sexta 09:00 &#8211; 19:00 S\u00e1bado 09:00 &#8211; 13:00 email: institutomedicosenilife@senilife.pt ims@senilife.pt TELEFONE: (+351) 212 183 159 (+351) 927 125 363 (Chamada para rede fixa [&hellip;]<\/p>\n","protected":false},"author":1,"featured_media":0,"parent":0,"menu_order":0,"comment_status":"closed","ping_status":"closed","template":"page-full-width.php","meta":{"footnotes":""},"class_list":["post-10309","page","type-page","status-publish","hentry"],"yoast_head":"<!-- This site is optimized with the Yoast SEO plugin v27.2 - https:\/\/yoast.com\/product\/yoast-seo-wordpress\/ -->\n<title>Contactos - Instituto M\u00e9dico Senilife<\/title>\n<meta name=\"robots\" content=\"index, follow, max-snippet:-1, max-image-preview:large, max-video-preview:-1\" \/>\n<link rel=\"canonical\" href=\"https:\/\/institutomedicosenilife.pt\/en\/contactos\/\" \/>\n<meta property=\"og:locale\" content=\"en_GB\" \/>\n<meta property=\"og:type\" content=\"article\" \/>\n<meta property=\"og:title\" content=\"Contactos - Instituto M\u00e9dico Senilife\" \/>\n<meta property=\"og:description\" content=\"Contactos Informa\u00e7\u00f5es de Contacto Pode entrar em contacto connosco atrav\u00e9s dos canais abaixo ou atrav\u00e9s do formul\u00e1rio de contacto. Morada: Rua Joaquim Pedro Gomes Oliveira 105 2925-536 Azeit\u00e3o Hor\u00e1rio: Segunda &#8211; Sexta 09:00 &#8211; 19:00 S\u00e1bado 09:00 &#8211; 13:00 email: institutomedicosenilife@senilife.pt ims@senilife.pt TELEFONE: (+351) 212 183 159 (+351) 927 125 363 (Chamada para rede fixa [&hellip;]\" \/>\n<meta property=\"og:url\" content=\"https:\/\/institutomedicosenilife.pt\/en\/contactos\/\" \/>\n<meta property=\"og:site_name\" content=\"Instituto M\u00e9dico Senilife\" \/>\n<meta property=\"article:modified_time\" content=\"2026-03-24T12:56:58+00:00\" \/>\n<meta property=\"og:image\" content=\"https:\/\/institutomedicosenilife.pt\/wp-content\/uploads\/elementor\/thumbs\/frente-scaled-rkqwq0cvqceppyiq6pw8xj84zul988w228fnzh5ykm.jpeg\" \/>\n<meta name=\"twitter:card\" content=\"summary_large_image\" \/>\n<script type=\"application\/ld+json\" class=\"yoast-schema-graph\">{\"@context\":\"https:\/\/schema.org\",\"@graph\":[{\"@type\":\"WebPage\",\"@id\":\"https:\/\/institutomedicosenilife.pt\/contactos\/\",\"url\":\"https:\/\/institutomedicosenilife.pt\/contactos\/\",\"name\":\"Contactos - Instituto M\u00e9dico Senilife\",\"isPartOf\":{\"@id\":\"https:\/\/institutomedicosenilife.pt\/#website\"},\"primaryImageOfPage\":{\"@id\":\"https:\/\/institutomedicosenilife.pt\/contactos\/#primaryimage\"},\"image\":{\"@id\":\"https:\/\/institutomedicosenilife.pt\/contactos\/#primaryimage\"},\"thumbnailUrl\":\"https:\/\/institutomedicosenilife.pt\/wp-content\/uploads\/elementor\/thumbs\/frente-scaled-rkqwq0cvqceppyiq6pw8xj84zul988w228fnzh5ykm.jpeg\",\"datePublished\":\"2024-08-13T16:28:32+00:00\",\"dateModified\":\"2026-03-24T12:56:58+00:00\",\"breadcrumb\":{\"@id\":\"https:\/\/institutomedicosenilife.pt\/contactos\/#breadcrumb\"},\"inLanguage\":\"en-GB\",\"potentialAction\":[{\"@type\":\"ReadAction\",\"target\":[\"https:\/\/institutomedicosenilife.pt\/contactos\/\"]}]},{\"@type\":\"ImageObject\",\"inLanguage\":\"en-GB\",\"@id\":\"https:\/\/institutomedicosenilife.pt\/contactos\/#primaryimage\",\"url\":\"https:\/\/institutomedicosenilife.pt\/wp-content\/uploads\/elementor\/thumbs\/frente-scaled-rkqwq0cvqceppyiq6pw8xj84zul988w228fnzh5ykm.jpeg\",\"contentUrl\":\"https:\/\/institutomedicosenilife.pt\/wp-content\/uploads\/elementor\/thumbs\/frente-scaled-rkqwq0cvqceppyiq6pw8xj84zul988w228fnzh5ykm.jpeg\"},{\"@type\":\"BreadcrumbList\",\"@id\":\"https:\/\/institutomedicosenilife.pt\/contactos\/#breadcrumb\",\"itemListElement\":[{\"@type\":\"ListItem\",\"position\":1,\"name\":\"In\u00edcio\",\"item\":\"https:\/\/institutomedicosenilife.pt\/\"},{\"@type\":\"ListItem\",\"position\":2,\"name\":\"Contactos\"}]},{\"@type\":\"WebSite\",\"@id\":\"https:\/\/institutomedicosenilife.pt\/#website\",\"url\":\"https:\/\/institutomedicosenilife.pt\/\",\"name\":\"Instituto M\u00e9dico Senilife\",\"description\":\"\",\"publisher\":{\"@id\":\"https:\/\/institutomedicosenilife.pt\/#organization\"},\"potentialAction\":[{\"@type\":\"SearchAction\",\"target\":{\"@type\":\"EntryPoint\",\"urlTemplate\":\"https:\/\/institutomedicosenilife.pt\/?s={search_term_string}\"},\"query-input\":{\"@type\":\"PropertyValueSpecification\",\"valueRequired\":true,\"valueName\":\"search_term_string\"}}],\"inLanguage\":\"en-GB\"},{\"@type\":\"Organization\",\"@id\":\"https:\/\/institutomedicosenilife.pt\/#organization\",\"name\":\"Instituto M\u00e9dico Senilife\",\"url\":\"https:\/\/institutomedicosenilife.pt\/\",\"logo\":{\"@type\":\"ImageObject\",\"inLanguage\":\"en-GB\",\"@id\":\"https:\/\/institutomedicosenilife.pt\/#\/schema\/logo\/image\/\",\"url\":\"https:\/\/institutomedicosenilife.pt\/wp-content\/uploads\/2024\/08\/cropped-IMSicon_wh1-1.png\",\"contentUrl\":\"https:\/\/institutomedicosenilife.pt\/wp-content\/uploads\/2024\/08\/cropped-IMSicon_wh1-1.png\",\"width\":500,\"height\":500,\"caption\":\"Instituto M\u00e9dico Senilife\"},\"image\":{\"@id\":\"https:\/\/institutomedicosenilife.pt\/#\/schema\/logo\/image\/\"}}]}<\/script>\n<!-- \/ Yoast SEO plugin. -->","yoast_head_json":{"title":"Contactos - Instituto M\u00e9dico Senilife","robots":{"index":"index","follow":"follow","max-snippet":"max-snippet:-1","max-image-preview":"max-image-preview:large","max-video-preview":"max-video-preview:-1"},"canonical":"https:\/\/institutomedicosenilife.pt\/en\/contactos\/","og_locale":"en_GB","og_type":"article","og_title":"Contactos - Instituto M\u00e9dico Senilife","og_description":"Contactos Informa\u00e7\u00f5es de Contacto Pode entrar em contacto connosco atrav\u00e9s dos canais abaixo ou atrav\u00e9s do formul\u00e1rio de contacto. Morada: Rua Joaquim Pedro Gomes Oliveira 105 2925-536 Azeit\u00e3o Hor\u00e1rio: Segunda &#8211; Sexta 09:00 &#8211; 19:00 S\u00e1bado 09:00 &#8211; 13:00 email: institutomedicosenilife@senilife.pt ims@senilife.pt TELEFONE: (+351) 212 183 159 (+351) 927 125 363 (Chamada para rede fixa [&hellip;]","og_url":"https:\/\/institutomedicosenilife.pt\/en\/contactos\/","og_site_name":"Instituto M\u00e9dico Senilife","article_modified_time":"2026-03-24T12:56:58+00:00","og_image":[{"url":"https:\/\/institutomedicosenilife.pt\/wp-content\/uploads\/elementor\/thumbs\/frente-scaled-rkqwq0cvqceppyiq6pw8xj84zul988w228fnzh5ykm.jpeg","type":"","width":"","height":""}],"twitter_card":"summary_large_image","schema":{"@context":"https:\/\/schema.org","@graph":[{"@type":"WebPage","@id":"https:\/\/institutomedicosenilife.pt\/contactos\/","url":"https:\/\/institutomedicosenilife.pt\/contactos\/","name":"Contactos - Instituto M\u00e9dico Senilife","isPartOf":{"@id":"https:\/\/institutomedicosenilife.pt\/#website"},"primaryImageOfPage":{"@id":"https:\/\/institutomedicosenilife.pt\/contactos\/#primaryimage"},"image":{"@id":"https:\/\/institutomedicosenilife.pt\/contactos\/#primaryimage"},"thumbnailUrl":"https:\/\/institutomedicosenilife.pt\/wp-content\/uploads\/elementor\/thumbs\/frente-scaled-rkqwq0cvqceppyiq6pw8xj84zul988w228fnzh5ykm.jpeg","datePublished":"2024-08-13T16:28:32+00:00","dateModified":"2026-03-24T12:56:58+00:00","breadcrumb":{"@id":"https:\/\/institutomedicosenilife.pt\/contactos\/#breadcrumb"},"inLanguage":"en-GB","potentialAction":[{"@type":"ReadAction","target":["https:\/\/institutomedicosenilife.pt\/contactos\/"]}]},{"@type":"ImageObject","inLanguage":"en-GB","@id":"https:\/\/institutomedicosenilife.pt\/contactos\/#primaryimage","url":"https:\/\/institutomedicosenilife.pt\/wp-content\/uploads\/elementor\/thumbs\/frente-scaled-rkqwq0cvqceppyiq6pw8xj84zul988w228fnzh5ykm.jpeg","contentUrl":"https:\/\/institutomedicosenilife.pt\/wp-content\/uploads\/elementor\/thumbs\/frente-scaled-rkqwq0cvqceppyiq6pw8xj84zul988w228fnzh5ykm.jpeg"},{"@type":"BreadcrumbList","@id":"https:\/\/institutomedicosenilife.pt\/contactos\/#breadcrumb","itemListElement":[{"@type":"ListItem","position":1,"name":"In\u00edcio","item":"https:\/\/institutomedicosenilife.pt\/"},{"@type":"ListItem","position":2,"name":"Contactos"}]},{"@type":"WebSite","@id":"https:\/\/institutomedicosenilife.pt\/#website","url":"https:\/\/institutomedicosenilife.pt\/","name":"Instituto M\u00e9dico Senilife","description":"","publisher":{"@id":"https:\/\/institutomedicosenilife.pt\/#organization"},"potentialAction":[{"@type":"SearchAction","target":{"@type":"EntryPoint","urlTemplate":"https:\/\/institutomedicosenilife.pt\/?s={search_term_string}"},"query-input":{"@type":"PropertyValueSpecification","valueRequired":true,"valueName":"search_term_string"}}],"inLanguage":"en-GB"},{"@type":"Organization","@id":"https:\/\/institutomedicosenilife.pt\/#organization","name":"Instituto M\u00e9dico Senilife","url":"https:\/\/institutomedicosenilife.pt\/","logo":{"@type":"ImageObject","inLanguage":"en-GB","@id":"https:\/\/institutomedicosenilife.pt\/#\/schema\/logo\/image\/","url":"https:\/\/institutomedicosenilife.pt\/wp-content\/uploads\/2024\/08\/cropped-IMSicon_wh1-1.png","contentUrl":"https:\/\/institutomedicosenilife.pt\/wp-content\/uploads\/2024\/08\/cropped-IMSicon_wh1-1.png","width":500,"height":500,"caption":"Instituto M\u00e9dico Senilife"},"image":{"@id":"https:\/\/institutomedicosenilife.pt\/#\/schema\/logo\/image\/"}}]}},"_links":{"self":[{"href":"https:\/\/institutomedicosenilife.pt\/en\/wp-json\/wp\/v2\/pages\/10309","targetHints":{"allow":["GET"]}}],"collection":[{"href":"https:\/\/institutomedicosenilife.pt\/en\/wp-json\/wp\/v2\/pages"}],"about":[{"href":"https:\/\/institutomedicosenilife.pt\/en\/wp-json\/wp\/v2\/types\/page"}],"author":[{"embeddable":true,"href":"https:\/\/institutomedicosenilife.pt\/en\/wp-json\/wp\/v2\/users\/1"}],"replies":[{"embeddable":true,"href":"https:\/\/institutomedicosenilife.pt\/en\/wp-json\/wp\/v2\/comments?post=10309"}],"version-history":[{"count":40,"href":"https:\/\/institutomedicosenilife.pt\/en\/wp-json\/wp\/v2\/pages\/10309\/revisions"}],"predecessor-version":[{"id":10723,"href":"https:\/\/institutomedicosenilife.pt\/en\/wp-json\/wp\/v2\/pages\/10309\/revisions\/10723"}],"wp:attachment":[{"href":"https:\/\/institutomedicosenilife.pt\/en\/wp-json\/wp\/v2\/media?parent=10309"}],"curies":[{"name":"wp","href":"https:\/\/api.w.org\/{rel}","templated":true}]}}