{"id":10276,"date":"2024-08-12T16:23:48","date_gmt":"2024-08-12T16:23:48","guid":{"rendered":"https:\/\/institutomedicosenilife.pt\/?page_id=10276"},"modified":"2026-03-24T13:56:52","modified_gmt":"2026-03-24T13:56:52","slug":"sobre","status":"publish","type":"page","link":"https:\/\/institutomedicosenilife.pt\/en\/sobre\/","title":{"rendered":"About"},"content":{"rendered":"<div data-elementor-type=\"wp-page\" data-elementor-id=\"10276\" class=\"elementor elementor-10276\" data-elementor-post-type=\"page\">\n\t\t\t\t<div class=\"elementor-element elementor-element-4d84eca e-con-full e-flex e-con e-parent\" data-id=\"4d84eca\" data-element_type=\"container\" data-e-type=\"container\">\n\t\t\t\t<div class=\"elementor-element elementor-element-c08b00b elementor--h-position-center elementor--v-position-middle elementor-widget elementor-widget-slides\" data-id=\"c08b00b\" data-element_type=\"widget\" data-e-type=\"widget\" data-settings=\"{&quot;navigation&quot;:&quot;none&quot;,&quot;autoplay&quot;:&quot;yes&quot;,&quot;pause_on_hover&quot;:&quot;yes&quot;,&quot;pause_on_interaction&quot;:&quot;yes&quot;,&quot;autoplay_speed&quot;:5000,&quot;infinite&quot;:&quot;yes&quot;,&quot;transition&quot;:&quot;slide&quot;,&quot;transition_speed&quot;:500}\" data-widget_type=\"slides.default\">\n\t\t\t\t<div class=\"elementor-widget-container\">\n\t\t\t\t\t\t\t\t\t<div class=\"elementor-swiper\">\n\t\t\t\t\t<div class=\"elementor-slides-wrapper elementor-main-swiper swiper\" role=\"region\" aria-roledescription=\"carousel\" aria-label=\"Show\" dir=\"ltr\" data-animation=\"fadeInUp\">\n\t\t\t\t<div class=\"swiper-wrapper elementor-slides\">\n\t\t\t\t\t\t\t\t\t\t<div class=\"elementor-repeater-item-a27b2f1 swiper-slide\" role=\"group\" aria-roledescription=\"slide\"><div class=\"swiper-slide-bg\" role=\"img\" aria-label=\"20240809_183316\"><\/div><div class=\"elementor-background-overlay\"><\/div><div class=\"swiper-slide-inner\" ><div class=\"swiper-slide-contents\"><div class=\"elementor-slide-heading\">Who We Are<\/div><\/div><\/div><\/div>\t\t\t\t<\/div>\n\t\t\t\t\t\t\t<\/div>\n\t\t\t\t<\/div>\n\t\t\t\t\t\t\t\t<\/div>\n\t\t\t\t<\/div>\n\t\t\t\t<\/div>\n\t\t<div class=\"elementor-element elementor-element-0a9ba43 e-flex e-con-boxed e-con e-parent\" data-id=\"0a9ba43\" data-element_type=\"container\" data-e-type=\"container\">\n\t\t\t\t\t<div class=\"e-con-inner\">\n\t\t<div class=\"elementor-element elementor-element-b1f4c9e e-con-full e-flex e-con e-child\" data-id=\"b1f4c9e\" data-element_type=\"container\" data-e-type=\"container\">\n\t\t\t\t<div class=\"elementor-element elementor-element-e1c7bf5 elementor-widget elementor-widget-text-editor\" data-id=\"e1c7bf5\" data-element_type=\"widget\" data-e-type=\"widget\" data-widget_type=\"text-editor.default\">\n\t\t\t\t<div class=\"elementor-widget-container\">\n\t\t\t\t\t\t\t\t\t<p>We are a clinic located in Azeit\u00e3o, Portugal that offers excellent healthcare.<\/p><p class=\"translation-block\">Our mission is to deliver integrated and personalised healthcare services , focused on promoting the well-being and quality of life of our users. We rely on a highly qualified multidisciplinary team, committed to high standards of rigour, ethics and clinical quality, ensuring an individualised and humanised approach, with an effective response to the needs of each user and their respective family, promoting health and well-being throughout all stages of life.<\/p><p><strong>Our goal<\/strong> one is to provide a warm atmosphere and to trust, and where each one of you to feel valued and supported on the journey to a healthy lifestyle and a balanced diet.<\/p>\t\t\t\t\t\t\t\t<\/div>\n\t\t\t\t<\/div>\n\t\t\t\t<\/div>\n\t\t<div class=\"elementor-element elementor-element-b812ca0 e-con-full e-flex e-con e-child\" data-id=\"b812ca0\" data-element_type=\"container\" data-e-type=\"container\">\n\t\t\t\t<div class=\"elementor-element elementor-element-2cc8068 elementor-widget elementor-widget-gallery\" data-id=\"2cc8068\" data-element_type=\"widget\" data-e-type=\"widget\" data-settings=\"{&quot;columns&quot;:3,&quot;lazyload&quot;:&quot;yes&quot;,&quot;gallery_layout&quot;:&quot;grid&quot;,&quot;columns_tablet&quot;:2,&quot;columns_mobile&quot;:1,&quot;gap&quot;:{&quot;unit&quot;:&quot;px&quot;,&quot;size&quot;:10,&quot;sizes&quot;:[]},&quot;gap_tablet&quot;:{&quot;unit&quot;:&quot;px&quot;,&quot;size&quot;:10,&quot;sizes&quot;:[]},&quot;gap_mobile&quot;:{&quot;unit&quot;:&quot;px&quot;,&quot;size&quot;:10,&quot;sizes&quot;:[]},&quot;link_to&quot;:&quot;file&quot;,&quot;aspect_ratio&quot;:&quot;3:2&quot;,&quot;overlay_background&quot;:&quot;yes&quot;,&quot;content_hover_animation&quot;:&quot;fade-in&quot;}\" data-widget_type=\"gallery.default\">\n\t\t\t\t<div class=\"elementor-widget-container\">\n\t\t\t\t\t\t\t<div class=\"elementor-gallery__container\">\n\t\t\t\t\t\t\t<a class=\"e-gallery-item elementor-gallery-item elementor-animated-content\" href=\"https:\/\/institutomedicosenilife.pt\/wp-content\/uploads\/2024\/08\/20240809_182447-scaled.jpg\" data-elementor-open-lightbox=\"yes\" data-elementor-lightbox-slideshow=\"2cc8068\" data-elementor-lightbox-title=\"20240809_182447\" data-e-action-hash=\"#elementor-action%3Aaction%3Dlightbox%26settings%3DeyJpZCI6MTAyOTMsInVybCI6Imh0dHBzOlwvXC9pbnN0aXR1dG9tZWRpY29zZW5pbGlmZS5wdFwvd3AtY29udGVudFwvdXBsb2Fkc1wvMjAyNFwvMDhcLzIwMjQwODA5XzE4MjQ0Ny1zY2FsZWQuanBnIiwic2xpZGVzaG93IjoiMmNjODA2OCJ9\">\n\t\t\t\t\t<div class=\"e-gallery-image elementor-gallery-item__image\" data-thumbnail=\"https:\/\/institutomedicosenilife.pt\/wp-content\/uploads\/elementor\/thumbs\/20240809_182447-scaled-qsibcl5kfxs8bv9h0xcpv1b4z62mnrn3wi0y0yjrfk.jpg\" data-width=\"400\" data-height=\"400\" aria-label=\"\" role=\"img\" ><\/div>\n\t\t\t\t\t\t\t\t\t\t\t<div class=\"elementor-gallery-item__overlay\"><\/div>\n\t\t\t\t\t\t\t\t\t\t\t\t\t\t<\/a>\n\t\t\t\t\t\t\t<a class=\"e-gallery-item elementor-gallery-item elementor-animated-content\" href=\"https:\/\/institutomedicosenilife.pt\/wp-content\/uploads\/2024\/08\/20240809_183225-scaled.jpg\" data-elementor-open-lightbox=\"yes\" data-elementor-lightbox-slideshow=\"2cc8068\" data-elementor-lightbox-title=\"20240809_183225\" data-e-action-hash=\"#elementor-action%3Aaction%3Dlightbox%26settings%3DeyJpZCI6MTAyODAsInVybCI6Imh0dHBzOlwvXC9pbnN0aXR1dG9tZWRpY29zZW5pbGlmZS5wdFwvd3AtY29udGVudFwvdXBsb2Fkc1wvMjAyNFwvMDhcLzIwMjQwODA5XzE4MzIyNS1zY2FsZWQuanBnIiwic2xpZGVzaG93IjoiMmNjODA2OCJ9\">\n\t\t\t\t\t<div class=\"e-gallery-image elementor-gallery-item__image\" data-thumbnail=\"https:\/\/institutomedicosenilife.pt\/wp-content\/uploads\/elementor\/thumbs\/20240809_183225-scaled-qsib9ugiic14gt8u18ow387qlpl37jraixiymwm3kw.jpg\" data-width=\"400\" data-height=\"400\" aria-label=\"\" role=\"img\" ><\/div>\n\t\t\t\t\t\t\t\t\t\t\t<div class=\"elementor-gallery-item__overlay\"><\/div>\n\t\t\t\t\t\t\t\t\t\t\t\t\t\t<\/a>\n\t\t\t\t\t\t\t<a class=\"e-gallery-item elementor-gallery-item elementor-animated-content\" href=\"https:\/\/institutomedicosenilife.pt\/wp-content\/uploads\/2026\/03\/IMG_8196-scaled.jpeg\" data-elementor-open-lightbox=\"yes\" data-elementor-lightbox-slideshow=\"2cc8068\" data-elementor-lightbox-title=\"IMG_8196\" data-e-action-hash=\"#elementor-action%3Aaction%3Dlightbox%26settings%3DeyJpZCI6MTA3MzQsInVybCI6Imh0dHBzOlwvXC9pbnN0aXR1dG9tZWRpY29zZW5pbGlmZS5wdFwvd3AtY29udGVudFwvdXBsb2Fkc1wvMjAyNlwvMDNcL0lNR184MTk2LXNjYWxlZC5qcGVnIiwic2xpZGVzaG93IjoiMmNjODA2OCJ9\">\n\t\t\t\t\t<div class=\"e-gallery-image elementor-gallery-item__image\" data-thumbnail=\"https:\/\/institutomedicosenilife.pt\/wp-content\/uploads\/elementor\/thumbs\/IMG_8196-scaled-rkzdgprn85gas5kdi1i0epnt6obyd9s8eubjchr1y8.jpeg\" data-width=\"400\" data-height=\"400\" aria-label=\"\" role=\"img\" ><\/div>\n\t\t\t\t\t\t\t\t\t\t\t<div class=\"elementor-gallery-item__overlay\"><\/div>\n\t\t\t\t\t\t\t\t\t\t\t\t\t\t<\/a>\n\t\t\t\t\t\t\t<a class=\"e-gallery-item elementor-gallery-item elementor-animated-content\" href=\"https:\/\/institutomedicosenilife.pt\/wp-content\/uploads\/2026\/03\/IMG_8195-scaled.jpeg\" data-elementor-open-lightbox=\"yes\" data-elementor-lightbox-slideshow=\"2cc8068\" data-elementor-lightbox-title=\"IMG_8195\" data-e-action-hash=\"#elementor-action%3Aaction%3Dlightbox%26settings%3DeyJpZCI6MTA3MzMsInVybCI6Imh0dHBzOlwvXC9pbnN0aXR1dG9tZWRpY29zZW5pbGlmZS5wdFwvd3AtY29udGVudFwvdXBsb2Fkc1wvMjAyNlwvMDNcL0lNR184MTk1LXNjYWxlZC5qcGVnIiwic2xpZGVzaG93IjoiMmNjODA2OCJ9\">\n\t\t\t\t\t<div class=\"e-gallery-image elementor-gallery-item__image\" data-thumbnail=\"https:\/\/institutomedicosenilife.pt\/wp-content\/uploads\/elementor\/thumbs\/IMG_8195-scaled-rkzdgj6rwb7aivtxkgnmf9bl0z8dve241xr4zk0t5s.jpeg\" data-width=\"400\" data-height=\"400\" aria-label=\"\" role=\"img\" ><\/div>\n\t\t\t\t\t\t\t\t\t\t\t<div class=\"elementor-gallery-item__overlay\"><\/div>\n\t\t\t\t\t\t\t\t\t\t\t\t\t\t<\/a>\n\t\t\t\t\t\t\t<a class=\"e-gallery-item elementor-gallery-item elementor-animated-content\" href=\"https:\/\/institutomedicosenilife.pt\/wp-content\/uploads\/2026\/03\/IMG_8193-scaled.jpeg\" data-elementor-open-lightbox=\"yes\" data-elementor-lightbox-slideshow=\"2cc8068\" data-elementor-lightbox-title=\"IMG_8193\" data-e-action-hash=\"#elementor-action%3Aaction%3Dlightbox%26settings%3DeyJpZCI6MTA3MzIsInVybCI6Imh0dHBzOlwvXC9pbnN0aXR1dG9tZWRpY29zZW5pbGlmZS5wdFwvd3AtY29udGVudFwvdXBsb2Fkc1wvMjAyNlwvMDNcL0lNR184MTkzLXNjYWxlZC5qcGVnIiwic2xpZGVzaG93IjoiMmNjODA2OCJ9\">\n\t\t\t\t\t<div class=\"e-gallery-image elementor-gallery-item__image\" data-thumbnail=\"https:\/\/institutomedicosenilife.pt\/wp-content\/uploads\/elementor\/thumbs\/IMG_8193-scaled-rkzdgehky50uwu0rbwmhksia21vjswjgdahpl67s0w.jpeg\" data-width=\"400\" data-height=\"400\" aria-label=\"\" role=\"img\" ><\/div>\n\t\t\t\t\t\t\t\t\t\t\t<div class=\"elementor-gallery-item__overlay\"><\/div>\n\t\t\t\t\t\t\t\t\t\t\t\t\t\t<\/a>\n\t\t\t\t\t\t\t<a class=\"e-gallery-item elementor-gallery-item elementor-animated-content\" href=\"https:\/\/institutomedicosenilife.pt\/wp-content\/uploads\/2026\/03\/IMG_8192-scaled.jpeg\" data-elementor-open-lightbox=\"yes\" data-elementor-lightbox-slideshow=\"2cc8068\" data-elementor-lightbox-title=\"IMG_8192\" data-e-action-hash=\"#elementor-action%3Aaction%3Dlightbox%26settings%3DeyJpZCI6MTA3MzEsInVybCI6Imh0dHBzOlwvXC9pbnN0aXR1dG9tZWRpY29zZW5pbGlmZS5wdFwvd3AtY29udGVudFwvdXBsb2Fkc1wvMjAyNlwvMDNcL0lNR184MTkyLXNjYWxlZC5qcGVnIiwic2xpZGVzaG93IjoiMmNjODA2OCJ9\">\n\t\t\t\t\t<div class=\"e-gallery-image elementor-gallery-item__image\" data-thumbnail=\"https:\/\/institutomedicosenilife.pt\/wp-content\/uploads\/elementor\/thumbs\/IMG_8192-scaled-rkzdg7wpmarunkabebs3lc61wcrzb0tc0dxb88hj8g.jpeg\" data-width=\"400\" data-height=\"400\" aria-label=\"\" role=\"img\" ><\/div>\n\t\t\t\t\t\t\t\t\t\t\t<div class=\"elementor-gallery-item__overlay\"><\/div>\n\t\t\t\t\t\t\t\t\t\t\t\t\t\t<\/a>\n\t\t\t\t\t\t\t<a class=\"e-gallery-item elementor-gallery-item elementor-animated-content\" href=\"https:\/\/institutomedicosenilife.pt\/wp-content\/uploads\/2026\/03\/image0-scaled.jpeg\" data-elementor-open-lightbox=\"yes\" data-elementor-lightbox-slideshow=\"2cc8068\" data-elementor-lightbox-title=\"image0\" data-e-action-hash=\"#elementor-action%3Aaction%3Dlightbox%26settings%3DeyJpZCI6MTA3MzAsInVybCI6Imh0dHBzOlwvXC9pbnN0aXR1dG9tZWRpY29zZW5pbGlmZS5wdFwvd3AtY29udGVudFwvdXBsb2Fkc1wvMjAyNlwvMDNcL2ltYWdlMC1zY2FsZWQuanBlZyIsInNsaWRlc2hvdyI6IjJjYzgwNjgifQ%3D%3D\">\n\t\t\t\t\t<div class=\"e-gallery-image elementor-gallery-item__image\" data-thumbnail=\"https:\/\/institutomedicosenilife.pt\/wp-content\/uploads\/elementor\/thumbs\/image0-scaled-rkzdg1buagiueajvgqxplvttqnoet537nhcwvarag0.jpeg\" data-width=\"400\" data-height=\"400\" aria-label=\"\" role=\"img\" ><\/div>\n\t\t\t\t\t\t\t\t\t\t\t<div class=\"elementor-gallery-item__overlay\"><\/div>\n\t\t\t\t\t\t\t\t\t\t\t\t\t\t<\/a>\n\t\t\t\t\t\t\t<a class=\"e-gallery-item elementor-gallery-item elementor-animated-content\" href=\"https:\/\/institutomedicosenilife.pt\/wp-content\/uploads\/2026\/03\/image0-1-scaled.jpeg\" data-elementor-open-lightbox=\"yes\" data-elementor-lightbox-slideshow=\"2cc8068\" data-elementor-lightbox-title=\"image0 (1)\" data-e-action-hash=\"#elementor-action%3Aaction%3Dlightbox%26settings%3DeyJpZCI6MTA3MjksInVybCI6Imh0dHBzOlwvXC9pbnN0aXR1dG9tZWRpY29zZW5pbGlmZS5wdFwvd3AtY29udGVudFwvdXBsb2Fkc1wvMjAyNlwvMDNcL2ltYWdlMC0xLXNjYWxlZC5qcGVnIiwic2xpZGVzaG93IjoiMmNjODA2OCJ9\">\n\t\t\t\t\t<div class=\"e-gallery-image elementor-gallery-item__image\" data-thumbnail=\"https:\/\/institutomedicosenilife.pt\/wp-content\/uploads\/elementor\/thumbs\/image0-1-scaled-rkzdfuqyym9u50tfj63bmfhlkykub9d3aksiid11nk.jpeg\" data-width=\"400\" data-height=\"400\" aria-label=\"\" role=\"img\" ><\/div>\n\t\t\t\t\t\t\t\t\t\t\t<div class=\"elementor-gallery-item__overlay\"><\/div>\n\t\t\t\t\t\t\t\t\t\t\t\t\t\t<\/a>\n\t\t\t\t\t\t\t<a class=\"e-gallery-item elementor-gallery-item elementor-animated-content\" href=\"https:\/\/institutomedicosenilife.pt\/wp-content\/uploads\/2026\/03\/frente-1-scaled.jpeg\" data-elementor-open-lightbox=\"yes\" data-elementor-lightbox-slideshow=\"2cc8068\" data-elementor-lightbox-title=\"frente\" data-e-action-hash=\"#elementor-action%3Aaction%3Dlightbox%26settings%3DeyJpZCI6MTA3MjgsInVybCI6Imh0dHBzOlwvXC9pbnN0aXR1dG9tZWRpY29zZW5pbGlmZS5wdFwvd3AtY29udGVudFwvdXBsb2Fkc1wvMjAyNlwvMDNcL2ZyZW50ZS0xLXNjYWxlZC5qcGVnIiwic2xpZGVzaG93IjoiMmNjODA2OCJ9\">\n\t\t\t\t\t<div class=\"e-gallery-image elementor-gallery-item__image\" data-thumbnail=\"https:\/\/institutomedicosenilife.pt\/wp-content\/uploads\/elementor\/thumbs\/frente-1-scaled-rkzdfq1s0g3eiz09am26ryoam1808ruflxj33z80io.jpeg\" data-width=\"400\" data-height=\"400\" aria-label=\"\" role=\"img\" ><\/div>\n\t\t\t\t\t\t\t\t\t\t\t<div class=\"elementor-gallery-item__overlay\"><\/div>\n\t\t\t\t\t\t\t\t\t\t\t\t\t\t<\/a>\n\t\t\t\t\t<\/div>\n\t\t\t\t\t<\/div>\n\t\t\t\t<\/div>\n\t\t\t\t<\/div>\n\t\t\t\t\t<\/div>\n\t\t\t\t<\/div>\n\t\t<div class=\"elementor-element elementor-element-66eeda9 e-flex e-con-boxed e-con e-parent\" data-id=\"66eeda9\" data-element_type=\"container\" data-e-type=\"container\" data-settings=\"{&quot;background_background&quot;:&quot;classic&quot;}\">\n\t\t\t\t\t<div class=\"e-con-inner\">\n\t\t<div class=\"elementor-element elementor-element-5aea074 e-con-full e-flex e-con e-child\" data-id=\"5aea074\" data-element_type=\"container\" data-e-type=\"container\">\n\t\t\t\t<div class=\"elementor-element elementor-element-4f00bd2 elementor-widget elementor-widget-prophysique_core_section_title\" data-id=\"4f00bd2\" data-element_type=\"widget\" data-e-type=\"widget\" data-widget_type=\"prophysique_core_section_title.default\">\n\t\t\t\t<div class=\"elementor-widget-container\">\n\t\t\t\t\t<div class=\"qodef-shortcode qodef-m  qodef-section-title qodef-alignment--center\">\n\t\t\t\t<h2 class=\"qodef-m-title\" >\n\t\tMedical Sucess History\t<\/h2>\n\t\t<p class=\"qodef-m-text\" >In the Senilife Medical Institute, we take pride in the results we achieve. Check out the full statistics to show that our commitment to the health care of the highest quality and personalized customer service.\n\n<\/p>\n\t<\/div>\n\t\t\t\t<\/div>\n\t\t\t\t<\/div>\n\t\t\t\t<\/div>\n\t\t<div class=\"elementor-element elementor-element-93ba99e e-con-full e-flex e-con e-child\" data-id=\"93ba99e\" data-element_type=\"container\" data-e-type=\"container\">\n\t\t\t\t<div class=\"elementor-element elementor-element-5f46352 elementor-widget elementor-widget-counter\" data-id=\"5f46352\" data-element_type=\"widget\" data-e-type=\"widget\" data-widget_type=\"counter.default\">\n\t\t\t\t<div class=\"elementor-widget-container\">\n\t\t\t\t\t\t\t<div class=\"elementor-counter\">\n\t\t\t<div class=\"elementor-counter-title\">Years of Experience<\/div>\t\t\t<div class=\"elementor-counter-number-wrapper\">\n\t\t\t\t<span class=\"elementor-counter-number-prefix\"><\/span>\n\t\t\t\t<span class=\"elementor-counter-number\" data-duration=\"2000\" data-to-value=\"20\" data-from-value=\"0\" data-delimiter=\",\">0<\/span>\n\t\t\t\t<span class=\"elementor-counter-number-suffix\"><\/span>\n\t\t\t<\/div>\n\t\t<\/div>\n\t\t\t\t\t\t<\/div>\n\t\t\t\t<\/div>\n\t\t\t\t<\/div>\n\t\t<div class=\"elementor-element elementor-element-9ae1c8b e-con-full e-flex e-con e-child\" data-id=\"9ae1c8b\" data-element_type=\"container\" data-e-type=\"container\">\n\t\t\t\t<div class=\"elementor-element elementor-element-86073ed elementor-widget elementor-widget-counter\" data-id=\"86073ed\" data-element_type=\"widget\" data-e-type=\"widget\" data-widget_type=\"counter.default\">\n\t\t\t\t<div class=\"elementor-widget-container\">\n\t\t\t\t\t\t\t<div class=\"elementor-counter\">\n\t\t\t<div class=\"elementor-counter-title\">Experts<\/div>\t\t\t<div class=\"elementor-counter-number-wrapper\">\n\t\t\t\t<span class=\"elementor-counter-number-prefix\"><\/span>\n\t\t\t\t<span class=\"elementor-counter-number\" data-duration=\"2000\" data-to-value=\"20\" data-from-value=\"0\" data-delimiter=\",\">0<\/span>\n\t\t\t\t<span class=\"elementor-counter-number-suffix\"><\/span>\n\t\t\t<\/div>\n\t\t<\/div>\n\t\t\t\t\t\t<\/div>\n\t\t\t\t<\/div>\n\t\t\t\t<\/div>\n\t\t<div class=\"elementor-element elementor-element-1e32f4a e-con-full e-flex e-con e-child\" data-id=\"1e32f4a\" data-element_type=\"container\" data-e-type=\"container\">\n\t\t\t\t<div class=\"elementor-element elementor-element-97d4d73 elementor-widget elementor-widget-counter\" data-id=\"97d4d73\" data-element_type=\"widget\" data-e-type=\"widget\" data-widget_type=\"counter.default\">\n\t\t\t\t<div class=\"elementor-widget-container\">\n\t\t\t\t\t\t\t<div class=\"elementor-counter\">\n\t\t\t<div class=\"elementor-counter-title\">Happy customers<\/div>\t\t\t<div class=\"elementor-counter-number-wrapper\">\n\t\t\t\t<span class=\"elementor-counter-number-prefix\"><\/span>\n\t\t\t\t<span class=\"elementor-counter-number\" data-duration=\"2000\" data-to-value=\"600\" data-from-value=\"0\" data-delimiter=\",\">0<\/span>\n\t\t\t\t<span class=\"elementor-counter-number-suffix\">+<\/span>\n\t\t\t<\/div>\n\t\t<\/div>\n\t\t\t\t\t\t<\/div>\n\t\t\t\t<\/div>\n\t\t\t\t<\/div>\n\t\t<div class=\"elementor-element elementor-element-a740e0c e-con-full e-flex e-con e-child\" data-id=\"a740e0c\" data-element_type=\"container\" data-e-type=\"container\">\n\t\t\t\t<div class=\"elementor-element elementor-element-66caf0d elementor-widget elementor-widget-counter\" data-id=\"66caf0d\" data-element_type=\"widget\" data-e-type=\"widget\" data-widget_type=\"counter.default\">\n\t\t\t\t<div class=\"elementor-widget-container\">\n\t\t\t\t\t\t\t<div class=\"elementor-counter\">\n\t\t\t<div class=\"elementor-counter-title\">treatments <\/div>\t\t\t<div class=\"elementor-counter-number-wrapper\">\n\t\t\t\t<span class=\"elementor-counter-number-prefix\"><\/span>\n\t\t\t\t<span class=\"elementor-counter-number\" data-duration=\"2000\" data-to-value=\"1200\" data-from-value=\"0\" data-delimiter=\" \">0<\/span>\n\t\t\t\t<span class=\"elementor-counter-number-suffix\">+<\/span>\n\t\t\t<\/div>\n\t\t<\/div>\n\t\t\t\t\t\t<\/div>\n\t\t\t\t<\/div>\n\t\t\t\t<\/div>\n\t\t\t\t\t<\/div>\n\t\t\t\t<\/div>\n\t\t\t\t<\/div>","protected":false},"excerpt":{"rendered":"<p>Quem Somos Somos uma cl\u00ednica localizada em Azeit\u00e3o que disp\u00f5e de uma oferta de cuidados de sa\u00fade de excel\u00eancia. A nossa miss\u00e3o \u00e9 prestar cuidados de sa\u00fade integrados e personalizados, orientados para a promo\u00e7\u00e3o do bem-estar e da qualidade de vida dos nossos utentes. Contamos com uma equipa multidisciplinar altamente qualificada, comprometida com elevados padr\u00f5es [&hellip;]<\/p>\n","protected":false},"author":1,"featured_media":0,"parent":0,"menu_order":0,"comment_status":"closed","ping_status":"closed","template":"page-full-width.php","meta":{"footnotes":""},"class_list":["post-10276","page","type-page","status-publish","hentry"],"yoast_head":"<!-- This site is optimized with the Yoast SEO plugin v27.2 - https:\/\/yoast.com\/product\/yoast-seo-wordpress\/ -->\n<title>Sobre - Instituto M\u00e9dico Senilife<\/title>\n<meta name=\"robots\" content=\"index, follow, max-snippet:-1, max-image-preview:large, max-video-preview:-1\" \/>\n<link rel=\"canonical\" href=\"https:\/\/institutomedicosenilife.pt\/en\/sobre\/\" \/>\n<meta property=\"og:locale\" content=\"en_GB\" \/>\n<meta property=\"og:type\" content=\"article\" \/>\n<meta property=\"og:title\" content=\"Sobre - Instituto M\u00e9dico Senilife\" \/>\n<meta property=\"og:description\" content=\"Quem Somos Somos uma cl\u00ednica localizada em Azeit\u00e3o que disp\u00f5e de uma oferta de cuidados de sa\u00fade de excel\u00eancia. A nossa miss\u00e3o \u00e9 prestar cuidados de sa\u00fade integrados e personalizados, orientados para a promo\u00e7\u00e3o do bem-estar e da qualidade de vida dos nossos utentes. Contamos com uma equipa multidisciplinar altamente qualificada, comprometida com elevados padr\u00f5es [&hellip;]\" \/>\n<meta property=\"og:url\" content=\"https:\/\/institutomedicosenilife.pt\/en\/sobre\/\" \/>\n<meta property=\"og:site_name\" content=\"Instituto M\u00e9dico Senilife\" \/>\n<meta property=\"article:modified_time\" content=\"2026-03-24T13:56:52+00:00\" \/>\n<meta name=\"twitter:card\" content=\"summary_large_image\" \/>\n<meta name=\"twitter:label1\" content=\"Estimated reading time\" \/>\n\t<meta name=\"twitter:data1\" content=\"1 minute\" \/>\n<script type=\"application\/ld+json\" class=\"yoast-schema-graph\">{\"@context\":\"https:\/\/schema.org\",\"@graph\":[{\"@type\":\"WebPage\",\"@id\":\"https:\/\/institutomedicosenilife.pt\/sobre\/\",\"url\":\"https:\/\/institutomedicosenilife.pt\/sobre\/\",\"name\":\"Sobre - Instituto M\u00e9dico Senilife\",\"isPartOf\":{\"@id\":\"https:\/\/institutomedicosenilife.pt\/#website\"},\"datePublished\":\"2024-08-12T16:23:48+00:00\",\"dateModified\":\"2026-03-24T13:56:52+00:00\",\"breadcrumb\":{\"@id\":\"https:\/\/institutomedicosenilife.pt\/sobre\/#breadcrumb\"},\"inLanguage\":\"en-GB\",\"potentialAction\":[{\"@type\":\"ReadAction\",\"target\":[\"https:\/\/institutomedicosenilife.pt\/sobre\/\"]}]},{\"@type\":\"BreadcrumbList\",\"@id\":\"https:\/\/institutomedicosenilife.pt\/sobre\/#breadcrumb\",\"itemListElement\":[{\"@type\":\"ListItem\",\"position\":1,\"name\":\"In\u00edcio\",\"item\":\"https:\/\/institutomedicosenilife.pt\/\"},{\"@type\":\"ListItem\",\"position\":2,\"name\":\"Sobre\"}]},{\"@type\":\"WebSite\",\"@id\":\"https:\/\/institutomedicosenilife.pt\/#website\",\"url\":\"https:\/\/institutomedicosenilife.pt\/\",\"name\":\"Instituto M\u00e9dico Senilife\",\"description\":\"\",\"publisher\":{\"@id\":\"https:\/\/institutomedicosenilife.pt\/#organization\"},\"potentialAction\":[{\"@type\":\"SearchAction\",\"target\":{\"@type\":\"EntryPoint\",\"urlTemplate\":\"https:\/\/institutomedicosenilife.pt\/?s={search_term_string}\"},\"query-input\":{\"@type\":\"PropertyValueSpecification\",\"valueRequired\":true,\"valueName\":\"search_term_string\"}}],\"inLanguage\":\"en-GB\"},{\"@type\":\"Organization\",\"@id\":\"https:\/\/institutomedicosenilife.pt\/#organization\",\"name\":\"Instituto M\u00e9dico Senilife\",\"url\":\"https:\/\/institutomedicosenilife.pt\/\",\"logo\":{\"@type\":\"ImageObject\",\"inLanguage\":\"en-GB\",\"@id\":\"https:\/\/institutomedicosenilife.pt\/#\/schema\/logo\/image\/\",\"url\":\"https:\/\/institutomedicosenilife.pt\/wp-content\/uploads\/2024\/08\/cropped-IMSicon_wh1-1.png\",\"contentUrl\":\"https:\/\/institutomedicosenilife.pt\/wp-content\/uploads\/2024\/08\/cropped-IMSicon_wh1-1.png\",\"width\":500,\"height\":500,\"caption\":\"Instituto M\u00e9dico Senilife\"},\"image\":{\"@id\":\"https:\/\/institutomedicosenilife.pt\/#\/schema\/logo\/image\/\"}}]}<\/script>\n<!-- \/ Yoast SEO plugin. -->","yoast_head_json":{"title":"Sobre - Instituto M\u00e9dico Senilife","robots":{"index":"index","follow":"follow","max-snippet":"max-snippet:-1","max-image-preview":"max-image-preview:large","max-video-preview":"max-video-preview:-1"},"canonical":"https:\/\/institutomedicosenilife.pt\/en\/sobre\/","og_locale":"en_GB","og_type":"article","og_title":"Sobre - Instituto M\u00e9dico Senilife","og_description":"Quem Somos Somos uma cl\u00ednica localizada em Azeit\u00e3o que disp\u00f5e de uma oferta de cuidados de sa\u00fade de excel\u00eancia. A nossa miss\u00e3o \u00e9 prestar cuidados de sa\u00fade integrados e personalizados, orientados para a promo\u00e7\u00e3o do bem-estar e da qualidade de vida dos nossos utentes. Contamos com uma equipa multidisciplinar altamente qualificada, comprometida com elevados padr\u00f5es [&hellip;]","og_url":"https:\/\/institutomedicosenilife.pt\/en\/sobre\/","og_site_name":"Instituto M\u00e9dico Senilife","article_modified_time":"2026-03-24T13:56:52+00:00","twitter_card":"summary_large_image","twitter_misc":{"Estimated reading time":"1 minute"},"schema":{"@context":"https:\/\/schema.org","@graph":[{"@type":"WebPage","@id":"https:\/\/institutomedicosenilife.pt\/sobre\/","url":"https:\/\/institutomedicosenilife.pt\/sobre\/","name":"Sobre - Instituto M\u00e9dico Senilife","isPartOf":{"@id":"https:\/\/institutomedicosenilife.pt\/#website"},"datePublished":"2024-08-12T16:23:48+00:00","dateModified":"2026-03-24T13:56:52+00:00","breadcrumb":{"@id":"https:\/\/institutomedicosenilife.pt\/sobre\/#breadcrumb"},"inLanguage":"en-GB","potentialAction":[{"@type":"ReadAction","target":["https:\/\/institutomedicosenilife.pt\/sobre\/"]}]},{"@type":"BreadcrumbList","@id":"https:\/\/institutomedicosenilife.pt\/sobre\/#breadcrumb","itemListElement":[{"@type":"ListItem","position":1,"name":"In\u00edcio","item":"https:\/\/institutomedicosenilife.pt\/"},{"@type":"ListItem","position":2,"name":"Sobre"}]},{"@type":"WebSite","@id":"https:\/\/institutomedicosenilife.pt\/#website","url":"https:\/\/institutomedicosenilife.pt\/","name":"Instituto M\u00e9dico Senilife","description":"","publisher":{"@id":"https:\/\/institutomedicosenilife.pt\/#organization"},"potentialAction":[{"@type":"SearchAction","target":{"@type":"EntryPoint","urlTemplate":"https:\/\/institutomedicosenilife.pt\/?s={search_term_string}"},"query-input":{"@type":"PropertyValueSpecification","valueRequired":true,"valueName":"search_term_string"}}],"inLanguage":"en-GB"},{"@type":"Organization","@id":"https:\/\/institutomedicosenilife.pt\/#organization","name":"Instituto M\u00e9dico Senilife","url":"https:\/\/institutomedicosenilife.pt\/","logo":{"@type":"ImageObject","inLanguage":"en-GB","@id":"https:\/\/institutomedicosenilife.pt\/#\/schema\/logo\/image\/","url":"https:\/\/institutomedicosenilife.pt\/wp-content\/uploads\/2024\/08\/cropped-IMSicon_wh1-1.png","contentUrl":"https:\/\/institutomedicosenilife.pt\/wp-content\/uploads\/2024\/08\/cropped-IMSicon_wh1-1.png","width":500,"height":500,"caption":"Instituto M\u00e9dico Senilife"},"image":{"@id":"https:\/\/institutomedicosenilife.pt\/#\/schema\/logo\/image\/"}}]}},"_links":{"self":[{"href":"https:\/\/institutomedicosenilife.pt\/en\/wp-json\/wp\/v2\/pages\/10276","targetHints":{"allow":["GET"]}}],"collection":[{"href":"https:\/\/institutomedicosenilife.pt\/en\/wp-json\/wp\/v2\/pages"}],"about":[{"href":"https:\/\/institutomedicosenilife.pt\/en\/wp-json\/wp\/v2\/types\/page"}],"author":[{"embeddable":true,"href":"https:\/\/institutomedicosenilife.pt\/en\/wp-json\/wp\/v2\/users\/1"}],"replies":[{"embeddable":true,"href":"https:\/\/institutomedicosenilife.pt\/en\/wp-json\/wp\/v2\/comments?post=10276"}],"version-history":[{"count":13,"href":"https:\/\/institutomedicosenilife.pt\/en\/wp-json\/wp\/v2\/pages\/10276\/revisions"}],"predecessor-version":[{"id":10737,"href":"https:\/\/institutomedicosenilife.pt\/en\/wp-json\/wp\/v2\/pages\/10276\/revisions\/10737"}],"wp:attachment":[{"href":"https:\/\/institutomedicosenilife.pt\/en\/wp-json\/wp\/v2\/media?parent=10276"}],"curies":[{"name":"wp","href":"https:\/\/api.w.org\/{rel}","templated":true}]}}